{"id":5481,"date":"2022-02-07T18:04:38","date_gmt":"2022-02-07T15:04:38","guid":{"rendered":"https:\/\/www.alfursanglobal.com\/private-label-textilherstellung\/"},"modified":"2023-01-19T17:15:08","modified_gmt":"2023-01-19T14:15:08","slug":"private-label-textilherstellung","status":"publish","type":"page","link":"https:\/\/www.alfursanglobal.com\/de\/private-label-textilherstellung\/","title":{"rendered":"Private Label Textilherstellung"},"content":{"rendered":"<section id=\"bt_bb_section69e23fbbe0cad\"  data-background_image_src=\"'https:\/\/www.alfursanglobal.com\/wp-content\/uploads\/2019\/04\/bgn-cases-3.png'\" class=\"bt_bb_section bt_bb_bottom_spacing_small bt_bb_layout_boxed_1200 bt_bb_vertical_align_top btLazyLoadBackground bt_bb_background_image\" style=\"background-image:url(&#039;https:\/\/www.alfursanglobal.com\/wp-content\/plugins\/bold-page-builder\/img\/blank.gif&#039;);background-position:center;background-size:cover;\"><div class=\"bt_bb_port\"><div class=\"bt_bb_cell\"><div class=\"bt_bb_cell_inner\"><div class=\"bt_bb_row_wrapper\"><div  class=\"bt_bb_row\"  data-bt-override-class=\"{}\"><div  class=\"bt_bb_column col-xl-12 col-xs-12 col-sm-12 col-md-12 col-lg-12 bt_bb_align_left bt_bb_vertical_align_top bt_bb_animation_fade_in move_up animate bt_bb_padding_normal bt_bb_animation_fade_in bt_bb_animation_move_up animate\"  data-width=\"12\" data-bt-override-class=\"{}\"><div class=\"bt_bb_column_content\"><div class=\"bt_bb_image bt_bb_shape_square bt_bb_target_self bt_bb_align_inherit bt_bb_hover_style_simple bt_bb_content_display_always bt_bb_content_align_middle bt_bb_fill_background_color_full\" data-bt-override-class=\"{&quot;bt_bb_align_&quot;:{&quot;current_class&quot;:&quot;bt_bb_align_inherit&quot;,&quot;xxl&quot;:&quot;inherit&quot;,&quot;xl&quot;:&quot;inherit&quot;}}\"><span><img width=\"1200\" height=\"479\" src=\"https:\/\/www.alfursanglobal.com\/wp-content\/uploads\/2022\/05\/Private-Label-Textile-Manufacturing2-1536x1024-1.jpg\" class=\"attachment-full size-full\" alt=\"https:\/\/www.alfursanglobal.com\/wp-content\/uploads\/2022\/05\/Private-Label-Textile-Manufacturing2-1536x1024-1.jpg\" decoding=\"async\" loading=\"lazy\" data-full_image_src=\"https:\/\/www.alfursanglobal.com\/wp-content\/uploads\/2022\/05\/Private-Label-Textile-Manufacturing2-1536x1024-1.jpg\" srcset=\"https:\/\/www.alfursanglobal.com\/wp-content\/uploads\/2022\/05\/Private-Label-Textile-Manufacturing2-1536x1024-1.jpg 1200w, https:\/\/www.alfursanglobal.com\/wp-content\/uploads\/2022\/05\/Private-Label-Textile-Manufacturing2-1536x1024-1-640x255.jpg 640w, https:\/\/www.alfursanglobal.com\/wp-content\/uploads\/2022\/05\/Private-Label-Textile-Manufacturing2-1536x1024-1-768x307.jpg 768w, https:\/\/www.alfursanglobal.com\/wp-content\/uploads\/2022\/05\/Private-Label-Textile-Manufacturing2-1536x1024-1-320x128.jpg 320w\" sizes=\"(max-width: 1200px) 100vw, 1200px\" \/><\/span><\/div><\/div><\/div><\/div><\/div><\/div><\/div><\/div><\/section><section id=\"bt_bb_section69e23fbbe12aa\"  data-background_image_src=\"'https:\/\/www.alfursanglobal.com\/wp-content\/uploads\/2019\/04\/bgn-cases-3.png'\" class=\"bt_bb_section bt_bb_layout_boxed_1200 bt_bb_vertical_align_top btLazyLoadBackground bt_bb_background_image\" style=\"background-image:url(&#039;https:\/\/www.alfursanglobal.com\/wp-content\/plugins\/bold-page-builder\/img\/blank.gif&#039;);background-position:center;background-size:cover;\"><div class=\"bt_bb_port\"><div class=\"bt_bb_cell\"><div class=\"bt_bb_cell_inner\"><div class=\"bt_bb_row_wrapper\"><div  class=\"bt_bb_row\"  data-bt-override-class=\"{}\"><div  class=\"bt_bb_column col-xl-6 bt_bb_align_left bt_bb_vertical_align_top bt_bb_animation_fade_in move_up animate bt_bb_padding_normal bt_bb_animation_fade_in bt_bb_animation_move_up animate\"  data-width=\"6\" data-bt-override-class=\"{}\"><div class=\"bt_bb_column_content\"><header class=\"bt_bb_headline bt_bb_dash_top bt_bb_superheadline bt_bb_superheadline_outside bt_bb_size_normal bt_bb_align_inherit\" data-bt-override-class=\"{&quot;bt_bb_size_&quot;:{&quot;current_class&quot;:&quot;bt_bb_size_normal&quot;,&quot;xxl&quot;:&quot;normal&quot;,&quot;xl&quot;:&quot;normal&quot;}}\"><div class=\"bt_bb_headline_superheadline_outside\"><span class=\"bt_bb_headline_superheadline\">Private Label Textilherstellung<\/span><\/div><h2 class=\"bt_bb_headline_tag\"><span class=\"bt_bb_headline_content\"><span><u>Schauen Sie sich unsere Dienstleistungen genauer an.<\/u><\/span><\/span><\/h2><\/header><div class=\"bt_bb_separator bt_bb_border_style_none bt_bb_bottom_spacing_medium\" data-bt-override-class=\"null\"><\/div><\/div><\/div><div  class=\"bt_bb_column col-xl-6 bt_bb_align_left bt_bb_vertical_align_top bt_bb_padding_normal\"  data-width=\"6\" data-bt-override-class=\"{}\"><div class=\"bt_bb_column_content\"><\/div><\/div><\/div><\/div><div class=\"bt_bb_row_wrapper\"><div  class=\"bt_bb_row\"  data-bt-override-class=\"{}\"><div  class=\"bt_bb_column col-xl-4 bt_bb_align_left bt_bb_vertical_align_top bt_bb_animation_fade_in animate bt_bb_padding_normal bt_bb_animation_fade_in animate\"  data-width=\"4\" data-bt-override-class=\"{}\"><div class=\"bt_bb_column_content\"><div  class=\"bt_bb_text\" ><h4 class=\"sub-title\"><span class=\"br-left\">Wir k\u00fcmmern uns um Ihre Marke!<\/span><\/h4>\n<p class=\"br-left\"><strong>Sorgen Sie f\u00fcr einen reibungslosen, kosteneffizienten Warenfluss, der vollst\u00e4ndig auf Ihre Marke abgestimmt ist.<\/strong><br \/>\nWir sind Hersteller von PRIVATE LABEL Kollektionen f\u00fcr 237 unserer Kunden in den Bereichen Textilkonfektion, Heim- und Hoteltextilien.<\/p>\n<p>Wir stellen alles im eigenen Haus her und bieten Ihnen viel Flexibilit\u00e4t, wenn es um individuelle Bestellungen geht, wie z. B. die M\u00f6glichkeit, individuelle Muster, N\u00e4hte, Farben und Stoffe zu verwenden.<\/p>\n<p>Sie k\u00f6nnen unsere bestehenden Kollektionen anpassen, wir k\u00f6nnen Ihre eigenen Kollektionen produzieren oder wir k\u00f6nnen auch eine spezielle Kollektion nur f\u00fcr Sie entwerfen. Wir sch\u00e4tzen Sie als Kunden, wir f\u00fchlen uns als Ihr Gesch\u00e4ftspartner und wir respektieren alle Ihre Designarbeiten.<\/p>\n<p>Bevor Sie uns Ihr Design offenbaren, unterzeichnen wir eine Geheimhaltungsvereinbarung, um eine rechtliche Verpflichtung zum Datenschutz zu schaffen.<\/p>\n<\/div><div class=\"bt_bb_separator bt_bb_border_style_none bt_bb_bottom_spacing_small bt_bb_hidden_md bt_bb_hidden_lg\" data-bt-override-class=\"null\"><\/div><\/div><\/div><div  class=\"bt_bb_column col-xl-4 bt_bb_align_left bt_bb_vertical_align_top bt_bb_animation_fade_in animate bt_bb_padding_normal bt_bb_animation_fade_in animate\"  data-width=\"4\" data-bt-override-class=\"{}\"><div class=\"bt_bb_column_content\"><div  class=\"bt_bb_text\" ><p><strong>Wir halten Ihre Informationen streng geheim und sicher.<\/strong><br \/>\nF\u00fcr Ihren gesamten Textil- und Bekleidungsbedarf sind wir Ihr einziger Partner und Ansprechpartner.<br \/>\n&#8211; Entwerfen von Sammlungen<br \/>\n&#8211; Herstellung<br \/>\n&#8211; \u00dcberpr\u00fcfung der Qualit\u00e4t und des Produktionsablaufs<br \/>\n&#8211; Betriebliche Lieferung und Zollverfahren<br \/>\nWir bieten Ihnen einen kosteneffizienten und reibungslosen Warenfluss, egal wo Sie sich befinden, unabh\u00e4ngig von den Landesgrenzen.<br \/>\nEgal, ob Sie Ihre eigene Modemarke haben oder Ihre eigene Mode machen wollen, wir sind bereit, Sie mit unseren hochwertigen Materialien und Dienstleistungen zu unterst\u00fctzen.<br \/>\nJeder unserer Kunden hat einzigartige Designanforderungen.<br \/>\nWir schneiden unsere Dienstleistungen auf Ihre individuellen Bed\u00fcrfnisse zu.<\/p>\n<p>Wir sind hier, um Ihnen zu helfen, Ihre Markenziele zu erreichen!<\/p>\n<\/div><div class=\"bt_bb_separator bt_bb_border_style_none bt_bb_top_spacing_normal bt_bb_bottom_spacing_normal\" data-bt-override-class=\"{&quot;bt_bb_top_spacing_&quot;:{&quot;current_class&quot;:&quot;bt_bb_top_spacing_normal&quot;,&quot;xxl&quot;:&quot;normal&quot;,&quot;xl&quot;:&quot;normal&quot;},&quot;bt_bb_bottom_spacing_&quot;:{&quot;current_class&quot;:&quot;bt_bb_bottom_spacing_normal&quot;,&quot;xxl&quot;:&quot;normal&quot;,&quot;xl&quot;:&quot;normal&quot;}}\"><\/div><\/div><\/div><div  class=\"bt_bb_column col-xl-4 bt_bb_align_left bt_bb_vertical_align_top bt_bb_animation_fade_in animate bt_bb_padding_normal bt_bb_animation_fade_in animate\"  data-width=\"4\" data-bt-override-class=\"{}\"><div class=\"bt_bb_column_content\"><div  class=\"bt_bb_text\" ><h4><strong>KONTAKT US<\/strong><\/h4>\n<p><em>Bitte f\u00fcllen Sie das Formular aus und senden Sie uns Ihre Anfrage, lassen Sie uns Ihr Gesch\u00e4ft als Ihr Gesch\u00e4ftspartner erleichtern.<\/em><\/p>\n<\/div><div class=\"bt_bb_button bt_bb_color_scheme_2 bt_bb_icon_position_left bt_bb_style_outline bt_bb_size_medium bt_bb_width_inline bt_bb_shape_inherit bt_bb_target_self bt_bb_align_inherit\" style=\"; --primary-color:#191919; --secondary-color:#ffffff;\" data-bt-override-class=\"{&quot;bt_bb_size_&quot;:{&quot;current_class&quot;:&quot;bt_bb_size_medium&quot;,&quot;xxl&quot;:&quot;medium&quot;,&quot;xl&quot;:&quot;medium&quot;},&quot;bt_bb_align_&quot;:{&quot;current_class&quot;:&quot;bt_bb_align_inherit&quot;,&quot;xxl&quot;:&quot;inherit&quot;,&quot;xl&quot;:&quot;inherit&quot;}}\"><a href=\"https:\/\/www.alfursanglobal.com\/de\/kontakt\/\" target=\"_self\" class=\"bt_bb_link\" title=\"Jetzt Kontakt aufnehmen\"><span class=\"bt_bb_button_text\" >Jetzt Kontakt aufnehmen<\/span><span  data-ico-humanresources=\"&#xe91b;\" class=\"bt_bb_icon_holder\"><\/span><\/a><\/div><div class=\"bt_bb_separator bt_bb_border_style_none bt_bb_top_spacing_normal bt_bb_bottom_spacing_normal\" data-bt-override-class=\"{&quot;bt_bb_top_spacing_&quot;:{&quot;current_class&quot;:&quot;bt_bb_top_spacing_normal&quot;,&quot;xxl&quot;:&quot;normal&quot;,&quot;xl&quot;:&quot;normal&quot;},&quot;bt_bb_bottom_spacing_&quot;:{&quot;current_class&quot;:&quot;bt_bb_bottom_spacing_normal&quot;,&quot;xxl&quot;:&quot;normal&quot;,&quot;xl&quot;:&quot;normal&quot;}}\"><\/div><\/div><\/div><\/div><\/div><\/div><\/div><\/div><\/section>","protected":false},"excerpt":{"rendered":"<p>Vollst\u00e4ndige Synergie der ressourcenintensiven Beziehungen \u00fcber erstklassige Nischenm\u00e4rkte. Pflegen Sie den pers\u00f6nlichen Kundenservice professionell und mit robusten Ideen. Dynamische Innovation des ressourcenbasierten Kundendienstes f\u00fcr einen Kundendienst auf dem neuesten Stand der Technik.<\/p>\n","protected":false},"author":1,"featured_media":3318,"parent":0,"menu_order":0,"comment_status":"closed","ping_status":"closed","template":"","meta":[],"yst_prominent_words":[],"_links":{"self":[{"href":"https:\/\/www.alfursanglobal.com\/de\/wp-json\/wp\/v2\/pages\/5481"}],"collection":[{"href":"https:\/\/www.alfursanglobal.com\/de\/wp-json\/wp\/v2\/pages"}],"about":[{"href":"https:\/\/www.alfursanglobal.com\/de\/wp-json\/wp\/v2\/types\/page"}],"author":[{"embeddable":true,"href":"https:\/\/www.alfursanglobal.com\/de\/wp-json\/wp\/v2\/users\/1"}],"replies":[{"embeddable":true,"href":"https:\/\/www.alfursanglobal.com\/de\/wp-json\/wp\/v2\/comments?post=5481"}],"version-history":[{"count":3,"href":"https:\/\/www.alfursanglobal.com\/de\/wp-json\/wp\/v2\/pages\/5481\/revisions"}],"predecessor-version":[{"id":5484,"href":"https:\/\/www.alfursanglobal.com\/de\/wp-json\/wp\/v2\/pages\/5481\/revisions\/5484"}],"wp:featuredmedia":[{"embeddable":true,"href":"https:\/\/www.alfursanglobal.com\/de\/wp-json\/wp\/v2\/media\/3318"}],"wp:attachment":[{"href":"https:\/\/www.alfursanglobal.com\/de\/wp-json\/wp\/v2\/media?parent=5481"}],"wp:term":[{"taxonomy":"yst_prominent_words","embeddable":true,"href":"https:\/\/www.alfursanglobal.com\/de\/wp-json\/wp\/v2\/yst_prominent_words?post=5481"}],"curies":[{"name":"wp","href":"https:\/\/api.w.org\/{rel}","templated":true}]}}