{"id":5374,"date":"2022-02-11T20:45:15","date_gmt":"2022-02-11T17:45:15","guid":{"rendered":"https:\/\/www.alfursanglobal.com\/maquinaria-industrial\/"},"modified":"2023-01-18T00:38:38","modified_gmt":"2023-01-17T21:38:38","slug":"maquinaria-industrial","status":"publish","type":"page","link":"https:\/\/www.alfursanglobal.com\/es\/maquinaria-industrial\/","title":{"rendered":"Maquinaria industrial"},"content":{"rendered":"<section id=\"bt_bb_section69e23fb8f3b8a\"  data-background_image_src=\"'https:\/\/www.alfursanglobal.com\/wp-content\/uploads\/2019\/04\/bgn-cases-3.png'\" class=\"bt_bb_section bt_bb_bottom_spacing_small bt_bb_layout_boxed_1200 bt_bb_vertical_align_top btLazyLoadBackground bt_bb_background_image\" style=\"background-image:url(&#039;https:\/\/www.alfursanglobal.com\/wp-content\/plugins\/bold-page-builder\/img\/blank.gif&#039;);background-position:center;background-size:cover;\"><div class=\"bt_bb_port\"><div class=\"bt_bb_cell\"><div class=\"bt_bb_cell_inner\"><div class=\"bt_bb_row_wrapper\"><div  class=\"bt_bb_row\"  data-bt-override-class=\"{}\"><div  class=\"bt_bb_column col-xl-12 col-xs-12 col-sm-12 col-md-12 col-lg-12 bt_bb_align_left bt_bb_vertical_align_top bt_bb_animation_fade_in move_up animate bt_bb_padding_normal bt_bb_animation_fade_in bt_bb_animation_move_up animate\"  data-width=\"12\" data-bt-override-class=\"{}\"><div class=\"bt_bb_column_content\"><div class=\"bt_bb_image bt_bb_shape_square bt_bb_target_self bt_bb_align_inherit bt_bb_hover_style_simple bt_bb_content_display_always bt_bb_content_align_middle bt_bb_fill_background_color_full\" data-bt-override-class=\"{&quot;bt_bb_align_&quot;:{&quot;current_class&quot;:&quot;bt_bb_align_inherit&quot;,&quot;xxl&quot;:&quot;inherit&quot;,&quot;xl&quot;:&quot;inherit&quot;}}\"><span><img width=\"1200\" height=\"479\" src=\"https:\/\/www.alfursanglobal.com\/wp-content\/uploads\/2022\/05\/3543.jpg\" class=\"attachment-full size-full\" alt=\"https:\/\/www.alfursanglobal.com\/wp-content\/uploads\/2022\/05\/3543.jpg\" decoding=\"async\" loading=\"lazy\" data-full_image_src=\"https:\/\/www.alfursanglobal.com\/wp-content\/uploads\/2022\/05\/3543.jpg\" srcset=\"https:\/\/www.alfursanglobal.com\/wp-content\/uploads\/2022\/05\/3543.jpg 1200w, https:\/\/www.alfursanglobal.com\/wp-content\/uploads\/2022\/05\/3543-640x255.jpg 640w, https:\/\/www.alfursanglobal.com\/wp-content\/uploads\/2022\/05\/3543-768x307.jpg 768w, https:\/\/www.alfursanglobal.com\/wp-content\/uploads\/2022\/05\/3543-320x128.jpg 320w\" sizes=\"(max-width: 1200px) 100vw, 1200px\" \/><\/span><\/div><\/div><\/div><\/div><\/div><\/div><\/div><\/div><\/section><section id=\"bt_bb_section69e23fb90009d\"  data-background_image_src=\"'https:\/\/www.alfursanglobal.com\/wp-content\/uploads\/2019\/04\/bgn-cases-3.png'\" class=\"bt_bb_section bt_bb_bottom_spacing_small bt_bb_layout_boxed_1200 bt_bb_vertical_align_top btLazyLoadBackground bt_bb_background_image\" style=\"background-image:url(&#039;https:\/\/www.alfursanglobal.com\/wp-content\/plugins\/bold-page-builder\/img\/blank.gif&#039;);background-position:center;background-size:cover;\"><div class=\"bt_bb_port\"><div class=\"bt_bb_cell\"><div class=\"bt_bb_cell_inner\"><div class=\"bt_bb_row_wrapper\"><div  class=\"bt_bb_row\"  data-bt-override-class=\"{}\"><div  class=\"bt_bb_column col-xl-6 bt_bb_align_left bt_bb_vertical_align_top bt_bb_animation_fade_in move_up animate bt_bb_padding_normal bt_bb_animation_fade_in bt_bb_animation_move_up animate\"  data-width=\"6\" data-bt-override-class=\"{}\"><div class=\"bt_bb_column_content\"><header class=\"bt_bb_headline bt_bb_dash_top bt_bb_superheadline bt_bb_superheadline_outside bt_bb_size_normal bt_bb_align_inherit\" data-bt-override-class=\"{&quot;bt_bb_size_&quot;:{&quot;current_class&quot;:&quot;bt_bb_size_normal&quot;,&quot;xxl&quot;:&quot;normal&quot;,&quot;xl&quot;:&quot;normal&quot;},&quot;bt_bb_align_&quot;:{&quot;current_class&quot;:&quot;bt_bb_align_inherit&quot;,&quot;xxl&quot;:&quot;inherit&quot;,&quot;xl&quot;:&quot;inherit&quot;}}\"><div class=\"bt_bb_headline_superheadline_outside\"><span class=\"bt_bb_headline_superheadline\">Maquinaria industrial<\/span><\/div><h2 class=\"bt_bb_headline_tag\"><span class=\"bt_bb_headline_content\"><span><u>Eche un vistazo a nuestros servicios.<\/u><\/span><\/span><\/h2><\/header><div class=\"bt_bb_separator bt_bb_border_style_none bt_bb_bottom_spacing_medium\" data-bt-override-class=\"null\"><\/div><\/div><\/div><div  class=\"bt_bb_column col-xl-6 bt_bb_align_left bt_bb_vertical_align_top bt_bb_padding_normal\"  data-width=\"6\" data-bt-override-class=\"{}\"><div class=\"bt_bb_column_content\"><\/div><\/div><\/div><\/div><div class=\"bt_bb_row_wrapper\"><div  class=\"bt_bb_row\"  data-bt-override-class=\"{}\"><div  class=\"bt_bb_column col-xl-4 bt_bb_align_left bt_bb_vertical_align_top bt_bb_animation_fade_in animate bt_bb_padding_normal bt_bb_animation_fade_in animate\"  data-width=\"4\" data-bt-override-class=\"{}\"><div class=\"bt_bb_column_content\"><div  class=\"bt_bb_text\" ><p><strong>Montamos cualquier tipo de l\u00ednea de producci\u00f3n industrial en funci\u00f3n de los proyectos<\/strong><\/p>\n<p>&#8211; L\u00edneas de producci\u00f3n de agua y bebidas<br \/>\n&#8211; M\u00e1quinas de soplado de botellas de PET<br \/>\n&#8211; Termoformado-M\u00e1quinas de vasos de agua<br \/>\n&#8211; M\u00e1quinas de hierro forjado<br \/>\n&#8211; M\u00e1quina retorcedora de hierro<br \/>\n&#8211; M\u00e1quinas CNC<br \/>\n&#8211; Recambios de maquinaria<br \/>\n&#8211; Maquinaria y equipos para granjas av\u00edcolas<br \/>\n&#8211; Maquinaria y equipos para mataderos<\/p>\n<p>Y m\u00e1s a la carta.<\/p>\n<\/div><div class=\"bt_bb_separator bt_bb_border_style_none bt_bb_bottom_spacing_small bt_bb_hidden_md bt_bb_hidden_lg\" data-bt-override-class=\"null\"><\/div><\/div><\/div><div  class=\"bt_bb_column col-xl-4 bt_bb_align_left bt_bb_vertical_align_top bt_bb_animation_fade_in animate bt_bb_padding_normal bt_bb_animation_fade_in animate\"  data-width=\"4\" data-bt-override-class=\"{}\"><div class=\"bt_bb_column_content\"><div  class=\"bt_bb_text\" ><p><strong>\u00bfQuiere crear una planta de producci\u00f3n?<\/strong><\/p>\n<p>Cada uno de nuestros clientes tiene sus propias necesidades de abastecimiento.<br \/>\nAdaptamos nuestros servicios a sus necesidades individuales.<\/p>\n<p>Nos encantar\u00eda conocer su opini\u00f3n. Hable con nosotros cuando quiera.<\/p>\n<\/div><div class=\"bt_bb_separator bt_bb_border_style_none bt_bb_top_spacing_small bt_bb_bottom_spacing_small\" data-bt-override-class=\"{&quot;bt_bb_top_spacing_&quot;:{&quot;current_class&quot;:&quot;bt_bb_top_spacing_small&quot;,&quot;xxl&quot;:&quot;small&quot;,&quot;xl&quot;:&quot;small&quot;},&quot;bt_bb_bottom_spacing_&quot;:{&quot;current_class&quot;:&quot;bt_bb_bottom_spacing_small&quot;,&quot;xxl&quot;:&quot;small&quot;,&quot;xl&quot;:&quot;small&quot;}}\"><\/div><\/div><\/div><div  class=\"bt_bb_column col-xl-4 bt_bb_align_left bt_bb_vertical_align_top bt_bb_animation_fade_in animate bt_bb_padding_normal bt_bb_animation_fade_in animate\"  data-width=\"4\" data-bt-override-class=\"{}\"><div class=\"bt_bb_column_content\"><div  class=\"bt_bb_text\" ><div id=\"tabContent2\" class=\"tab-content section-sp2\">\n<div id=\"vision2\" class=\"tab-pane fade show active\">\n<div class=\"text-center mission-tab-bx text-black\">\n<div id=\"tabContent2\" class=\"tab-content section-sp2\">\n<div id=\"vision2\" class=\"tab-pane fade show active\">\n<div id=\"tabContent4\" class=\"tab-content section-sp2\">\n<div id=\"vision4\" class=\"tab-pane fade show active\">\n<div class=\"text-center mission-tab-bx text-black\">\n<p><strong>CONTACTAR CON NOSOTROS<\/strong><\/p>\n<p><em>Rellene el formulario y env\u00edenos su consulta, perm\u00edtanos facilitarle su negocio como su socio comercial.<\/em><\/p>\n<\/div>\n<\/div>\n<\/div>\n<\/div>\n<\/div>\n<\/div>\n<\/div>\n<\/div>\n<\/div><div class=\"bt_bb_button bt_bb_color_scheme_2 bt_bb_icon_position_left bt_bb_style_outline bt_bb_size_medium bt_bb_width_inline bt_bb_shape_inherit bt_bb_target_self bt_bb_align_inherit\" style=\"; --primary-color:#191919; --secondary-color:#ffffff;\" data-bt-override-class=\"{&quot;bt_bb_size_&quot;:{&quot;current_class&quot;:&quot;bt_bb_size_medium&quot;,&quot;xxl&quot;:&quot;medium&quot;,&quot;xl&quot;:&quot;medium&quot;},&quot;bt_bb_align_&quot;:{&quot;current_class&quot;:&quot;bt_bb_align_inherit&quot;,&quot;xxl&quot;:&quot;inherit&quot;,&quot;xl&quot;:&quot;inherit&quot;}}\"><a href=\"https:\/\/www.alfursanglobal.com\/es\/contacte-con\/\" target=\"_self\" class=\"bt_bb_link\" title=\"Pong\u00e1monos en contacto\"><span class=\"bt_bb_button_text\" >Pong\u00e1monos en contacto<\/span><span  data-ico-humanresources=\"&#xe91b;\" class=\"bt_bb_icon_holder\"><\/span><\/a><\/div><div class=\"bt_bb_separator bt_bb_border_style_none bt_bb_top_spacing_normal bt_bb_bottom_spacing_normal\" data-bt-override-class=\"{&quot;bt_bb_top_spacing_&quot;:{&quot;current_class&quot;:&quot;bt_bb_top_spacing_normal&quot;,&quot;xxl&quot;:&quot;normal&quot;,&quot;xl&quot;:&quot;normal&quot;},&quot;bt_bb_bottom_spacing_&quot;:{&quot;current_class&quot;:&quot;bt_bb_bottom_spacing_normal&quot;,&quot;xxl&quot;:&quot;normal&quot;,&quot;xl&quot;:&quot;normal&quot;}}\"><\/div><\/div><\/div><\/div><\/div><\/div><\/div><\/div><\/section>","protected":false},"excerpt":{"rendered":"<p>Sinergizar por completo las relaciones que gravan los recursos a trav\u00e9s de nichos de mercado de primer orden. Cultive profesionalmente la atenci\u00f3n al cliente personalizada con ideas s\u00f3lidas. Innovar din\u00e1micamente el servicio de atenci\u00f3n al cliente con nivelaci\u00f3n de recursos para ofrecer un servicio de atenci\u00f3n al cliente de vanguardia.<\/p>\n","protected":false},"author":1,"featured_media":3321,"parent":0,"menu_order":0,"comment_status":"closed","ping_status":"closed","template":"","meta":[],"yst_prominent_words":[],"_links":{"self":[{"href":"https:\/\/www.alfursanglobal.com\/es\/wp-json\/wp\/v2\/pages\/5374"}],"collection":[{"href":"https:\/\/www.alfursanglobal.com\/es\/wp-json\/wp\/v2\/pages"}],"about":[{"href":"https:\/\/www.alfursanglobal.com\/es\/wp-json\/wp\/v2\/types\/page"}],"author":[{"embeddable":true,"href":"https:\/\/www.alfursanglobal.com\/es\/wp-json\/wp\/v2\/users\/1"}],"replies":[{"embeddable":true,"href":"https:\/\/www.alfursanglobal.com\/es\/wp-json\/wp\/v2\/comments?post=5374"}],"version-history":[{"count":3,"href":"https:\/\/www.alfursanglobal.com\/es\/wp-json\/wp\/v2\/pages\/5374\/revisions"}],"predecessor-version":[{"id":5377,"href":"https:\/\/www.alfursanglobal.com\/es\/wp-json\/wp\/v2\/pages\/5374\/revisions\/5377"}],"wp:featuredmedia":[{"embeddable":true,"href":"https:\/\/www.alfursanglobal.com\/es\/wp-json\/wp\/v2\/media\/3321"}],"wp:attachment":[{"href":"https:\/\/www.alfursanglobal.com\/es\/wp-json\/wp\/v2\/media?parent=5374"}],"wp:term":[{"taxonomy":"yst_prominent_words","embeddable":true,"href":"https:\/\/www.alfursanglobal.com\/es\/wp-json\/wp\/v2\/yst_prominent_words?post=5374"}],"curies":[{"name":"wp","href":"https:\/\/api.w.org\/{rel}","templated":true}]}}