{"id":5544,"date":"2022-02-07T17:18:23","date_gmt":"2022-02-07T14:18:23","guid":{"rendered":"https:\/\/www.alfursanglobal.com\/gestion-de-la-cadena-de-suministro-textil-y-de-la-confeccion\/"},"modified":"2023-01-19T18:39:15","modified_gmt":"2023-01-19T15:39:15","slug":"gestion-de-la-cadena-de-suministro-textil-y-de-la-confeccion","status":"publish","type":"page","link":"https:\/\/www.alfursanglobal.com\/es\/gestion-de-la-cadena-de-suministro-textil-y-de-la-confeccion\/","title":{"rendered":"Gesti\u00f3n de la cadena de suministro textil y de la confecci\u00f3n"},"content":{"rendered":"<section id=\"bt_bb_section69e23fb90e033\"  data-background_image_src=\"'https:\/\/www.alfursanglobal.com\/wp-content\/uploads\/2019\/04\/bgn-cases-3.png'\" class=\"bt_bb_section bt_bb_bottom_spacing_small bt_bb_layout_boxed_1200 bt_bb_vertical_align_top btLazyLoadBackground bt_bb_background_image\" style=\"background-image:url(&#039;https:\/\/www.alfursanglobal.com\/wp-content\/plugins\/bold-page-builder\/img\/blank.gif&#039;);background-position:center;background-size:cover;\"><div class=\"bt_bb_port\"><div class=\"bt_bb_cell\"><div class=\"bt_bb_cell_inner\"><div class=\"bt_bb_row_wrapper\"><div  class=\"bt_bb_row\"  data-bt-override-class=\"{}\"><div  class=\"bt_bb_column col-xl-12 col-xs-12 col-sm-12 col-md-12 col-lg-12 bt_bb_align_left bt_bb_vertical_align_top bt_bb_animation_fade_in move_up animate bt_bb_padding_normal bt_bb_animation_fade_in bt_bb_animation_move_up animate\"  data-width=\"12\" data-bt-override-class=\"{}\"><div class=\"bt_bb_column_content\"><div class=\"bt_bb_image bt_bb_shape_square bt_bb_target_self bt_bb_align_inherit bt_bb_hover_style_simple bt_bb_content_display_always bt_bb_content_align_middle bt_bb_fill_background_color_full\" data-bt-override-class=\"{&quot;bt_bb_align_&quot;:{&quot;current_class&quot;:&quot;bt_bb_align_inherit&quot;,&quot;xxl&quot;:&quot;inherit&quot;,&quot;xl&quot;:&quot;inherit&quot;}}\"><span><img width=\"1200\" height=\"479\" src=\"https:\/\/www.alfursanglobal.com\/wp-content\/uploads\/2022\/05\/tedb.jpg\" class=\"attachment-full size-full\" alt=\"https:\/\/www.alfursanglobal.com\/wp-content\/uploads\/2022\/05\/tedb.jpg\" decoding=\"async\" loading=\"lazy\" data-full_image_src=\"https:\/\/www.alfursanglobal.com\/wp-content\/uploads\/2022\/05\/tedb.jpg\" srcset=\"https:\/\/www.alfursanglobal.com\/wp-content\/uploads\/2022\/05\/tedb.jpg 1200w, https:\/\/www.alfursanglobal.com\/wp-content\/uploads\/2022\/05\/tedb-640x255.jpg 640w, https:\/\/www.alfursanglobal.com\/wp-content\/uploads\/2022\/05\/tedb-768x307.jpg 768w, https:\/\/www.alfursanglobal.com\/wp-content\/uploads\/2022\/05\/tedb-320x128.jpg 320w\" sizes=\"(max-width: 1200px) 100vw, 1200px\" \/><\/span><\/div><\/div><\/div><\/div><\/div><\/div><\/div><\/div><\/section><section id=\"bt_bb_section69e23fb90e82a\"  data-background_image_src=\"'https:\/\/www.alfursanglobal.com\/wp-content\/uploads\/2019\/04\/bgn-cases-3.png'\" class=\"bt_bb_section bt_bb_layout_boxed_1200 bt_bb_vertical_align_top btLazyLoadBackground bt_bb_background_image\" style=\"background-image:url(&#039;https:\/\/www.alfursanglobal.com\/wp-content\/plugins\/bold-page-builder\/img\/blank.gif&#039;);background-position:center;background-size:cover;\"><div class=\"bt_bb_port\"><div class=\"bt_bb_cell\"><div class=\"bt_bb_cell_inner\"><div class=\"bt_bb_row_wrapper\"><div  class=\"bt_bb_row\"  data-bt-override-class=\"{}\"><div  class=\"bt_bb_column col-xl-6 bt_bb_align_left bt_bb_vertical_align_top bt_bb_animation_fade_in move_up animate bt_bb_padding_normal bt_bb_animation_fade_in bt_bb_animation_move_up animate\"  data-width=\"6\" data-bt-override-class=\"{}\"><div class=\"bt_bb_column_content\"><header class=\"bt_bb_headline bt_bb_dash_top bt_bb_superheadline bt_bb_superheadline_outside bt_bb_size_normal bt_bb_align_inherit\" data-bt-override-class=\"{&quot;bt_bb_size_&quot;:{&quot;current_class&quot;:&quot;bt_bb_size_normal&quot;,&quot;xxl&quot;:&quot;normal&quot;,&quot;xl&quot;:&quot;normal&quot;}}\"><div class=\"bt_bb_headline_superheadline_outside\"><span class=\"bt_bb_headline_superheadline\">Gesti\u00f3n de la cadena de suministro textil y de la confecci\u00f3n<\/span><\/div><h2 class=\"bt_bb_headline_tag\"><span class=\"bt_bb_headline_content\"><span><u>Eche un vistazo a nuestros servicios.<\/u><\/span><\/span><\/h2><\/header><div class=\"bt_bb_separator bt_bb_border_style_none bt_bb_bottom_spacing_medium\" data-bt-override-class=\"null\"><\/div><\/div><\/div><div  class=\"bt_bb_column col-xl-6 bt_bb_align_left bt_bb_vertical_align_top bt_bb_padding_normal\"  data-width=\"6\" data-bt-override-class=\"{}\"><div class=\"bt_bb_column_content\"><\/div><\/div><\/div><\/div><div class=\"bt_bb_row_wrapper\"><div  class=\"bt_bb_row\"  data-bt-override-class=\"{}\"><div  class=\"bt_bb_column col-xl-4 bt_bb_align_left bt_bb_vertical_align_top bt_bb_animation_fade_in animate bt_bb_padding_normal bt_bb_animation_fade_in animate\"  data-width=\"4\" data-bt-override-class=\"{}\"><div class=\"bt_bb_column_content\"><div  class=\"bt_bb_text\" ><p>Conocemos sus necesidades de abastecimiento global en funci\u00f3n de las preferencias de estilo de vida de su pa\u00eds y actuamos para que tenga \u00e9xito en sus mercados y en los mercados mundiales.<br \/>\nTanto si es minorista como mayorista, conocemos las necesidades y lo que se cuece en la industria de la moda.<\/p>\n<p>La b\u00fasqueda de colecciones de la mejor calidad, el control de la ejecuci\u00f3n de los pedidos, el suministro, la entrega y los problemas aduaneros suponen un reto constante para las industrias textil y de la confecci\u00f3n.<br \/>\nY si toda la cadena se extiende a menudo por varios pa\u00edses, tambi\u00e9n es un reto crucial para su negocio.<\/p>\n<p>Tenemos experiencia en atender y resolver cualquier tipo de demanda de nuestros clientes del sector textil, con precisi\u00f3n, rapidez y rentabilidad.<br \/>\nAproveche nuestro conocimiento del mercado y nuestras soluciones para la cadena de suministro.<\/p>\n<h4 class=\"sub-title\">Consulte nuestra oferta;<\/h4>\n<p class=\"br-left\">Le ofrecemos servicios in situ; gestionamos su cadena de suministro incluso en los lugares m\u00e1s remotos para asegurarnos de que llega seg\u00fan lo pedido y a tiempo.<\/p>\n<\/div><div class=\"bt_bb_separator bt_bb_border_style_none bt_bb_bottom_spacing_small bt_bb_hidden_md bt_bb_hidden_lg\" data-bt-override-class=\"null\"><\/div><\/div><\/div><div  class=\"bt_bb_column col-xl-4 bt_bb_align_left bt_bb_vertical_align_top bt_bb_animation_fade_in animate bt_bb_padding_normal bt_bb_animation_fade_in animate\"  data-width=\"4\" data-bt-override-class=\"{}\"><div class=\"bt_bb_column_content\"><div  class=\"bt_bb_text\" ><div id=\"tabContent2\" class=\"tab-content section-sp2\">\n<div id=\"vision2\" class=\"tab-pane fade show active\">\n<div class=\"text-center mission-tab-bx text-black\">\n<div id=\"tabContent2\" class=\"tab-content section-sp2\">\n<div id=\"vision2\" class=\"tab-pane fade show active\">\n<div class=\"text-center mission-tab-bx text-black\">\n<div id=\"tabContent3\" class=\"tab-content section-sp2\">\n<div id=\"vision3\" class=\"tab-pane fade show active\">\n<div class=\"text-center mission-tab-bx text-black\">\n<h4 class=\"sub-title\">Nuestros servicios para la cadena de suministro:<\/h4>\n<p class=\"br-left\">&#8211; Al identificar y cualificar a los proveedores, comprobamos su ubicaci\u00f3n, vemos sus instalaciones y su flujo de trabajo,<br \/>\n&#8211; Supervisar la producci\u00f3n de mercanc\u00edas en todos los centros de producci\u00f3n de los proveedores,<br \/>\n&#8211; Ayudarle en la asistencia t\u00e9cnica integral para el desarrollo de materiales y productos,<br \/>\n&#8211; Coordinaci\u00f3n de la aprobaci\u00f3n de muestras, pruebas de laboratorio, certificaciones y suministro de materias primas,<br \/>\n&#8211; Suministrar sus mercanc\u00edas a nuestros almacenes y controlarlas una a una,<br \/>\n&#8211; Embalaje de la mercanc\u00eda para que est\u00e9 lista para entreg\u00e1rsela en condiciones de salubridad,<br \/>\n&#8211; Operaci\u00f3n de env\u00edos y todos los servicios aduaneros por nuestros propios equipos,<br \/>\n&#8211; Seguimiento de su mercanc\u00eda hasta que llega a su almac\u00e9n y se coloca en sus almacenes,<br \/>\n&#8211; Apoyarle en sus pedidos repetidos y enviarle a tiempo la mercanc\u00eda que necesita,<br \/>\n&#8211; Seguir las tendencias y proporcionarle nuevas colecciones para crear productos ganadores que realmente se vendan, independientemente de si vende en su propia tienda minorista, directamente a mayoristas, directamente a consumidores, en persona, en su sitio web o en una plataforma en l\u00ednea.<br \/>\n&#8211; Recibimos sus comentarios semanales sobre su flujo de ventas. Antes de que sus productos se agoten en sus almacenes, ya entregamos los productos reci\u00e9n llegados a sus almacenes.<\/p>\n<p class=\"br-left\">Gestionamos rigurosamente su cadena de suministro y le proporcionamos un flujo de negocio sostenible.<\/p>\n<\/div>\n<\/div>\n<\/div>\n<\/div>\n<\/div>\n<\/div>\n<\/div>\n<\/div>\n<\/div>\n<\/div><div class=\"bt_bb_separator bt_bb_border_style_none bt_bb_top_spacing_small bt_bb_bottom_spacing_small\" data-bt-override-class=\"{&quot;bt_bb_top_spacing_&quot;:{&quot;current_class&quot;:&quot;bt_bb_top_spacing_small&quot;,&quot;xxl&quot;:&quot;small&quot;,&quot;xl&quot;:&quot;small&quot;},&quot;bt_bb_bottom_spacing_&quot;:{&quot;current_class&quot;:&quot;bt_bb_bottom_spacing_small&quot;,&quot;xxl&quot;:&quot;small&quot;,&quot;xl&quot;:&quot;small&quot;}}\"><\/div><\/div><\/div><div  class=\"bt_bb_column col-xl-4 bt_bb_align_left bt_bb_vertical_align_top bt_bb_animation_fade_in animate bt_bb_padding_normal bt_bb_animation_fade_in animate\"  data-width=\"4\" data-bt-override-class=\"{}\"><div class=\"bt_bb_column_content\"><div  class=\"bt_bb_text\" ><div id=\"tabContent4\" class=\"tab-content section-sp2\">\n<div id=\"vision4\" class=\"tab-pane fade show active\">\n<div class=\"text-center mission-tab-bx text-black\">\n<h4 class=\"sub-title\">\u00bfNecesita alg\u00fan otro servicio que podamos ofrecerle?<\/h4>\n<p class=\"br-left\">Cada uno de nuestros clientes tiene sus propias necesidades de abastecimiento.<br \/>\nAdaptamos nuestros servicios de aprovisionamiento a sus necesidades individuales.<\/p>\n<p>Aproveche nuestra amplia gama de servicios y, con nuestra ayuda y conocimientos, perm\u00edtanos ofrecerle servicios a la medida de sus propios procesos y otras necesidades.<\/p>\n<p>&nbsp;<\/p>\n<\/div>\n<h4><strong><u>CONTACTAR CON NOSOTROS<\/u><\/strong><\/h4>\n<p><em>Rellene el formulario y env\u00edenos su consulta, perm\u00edtanos facilitarle su negocio como su socio de aprovisionamiento.<\/em><\/p>\n<\/div>\n<\/div>\n<\/div><div class=\"bt_bb_button bt_bb_color_scheme_2 bt_bb_icon_position_left bt_bb_style_outline bt_bb_size_medium bt_bb_width_inline bt_bb_shape_inherit bt_bb_target_self bt_bb_align_inherit\" style=\"; --primary-color:#191919; --secondary-color:#ffffff;\" data-bt-override-class=\"{&quot;bt_bb_size_&quot;:{&quot;current_class&quot;:&quot;bt_bb_size_medium&quot;,&quot;xxl&quot;:&quot;medium&quot;,&quot;xl&quot;:&quot;medium&quot;},&quot;bt_bb_align_&quot;:{&quot;current_class&quot;:&quot;bt_bb_align_inherit&quot;,&quot;xxl&quot;:&quot;inherit&quot;,&quot;xl&quot;:&quot;inherit&quot;}}\"><a href=\"https:\/\/www.alfursanglobal.com\/es\/contacte-con\/\" target=\"_self\" class=\"bt_bb_link\" title=\"Pong\u00e1monos en contacto\"><span class=\"bt_bb_button_text\" >Pong\u00e1monos en contacto<\/span><span  data-ico-humanresources=\"&#xe91b;\" class=\"bt_bb_icon_holder\"><\/span><\/a><\/div><div class=\"bt_bb_separator bt_bb_border_style_none bt_bb_top_spacing_normal bt_bb_bottom_spacing_normal\" data-bt-override-class=\"{&quot;bt_bb_top_spacing_&quot;:{&quot;current_class&quot;:&quot;bt_bb_top_spacing_normal&quot;,&quot;xxl&quot;:&quot;normal&quot;,&quot;xl&quot;:&quot;normal&quot;},&quot;bt_bb_bottom_spacing_&quot;:{&quot;current_class&quot;:&quot;bt_bb_bottom_spacing_normal&quot;,&quot;xxl&quot;:&quot;normal&quot;,&quot;xl&quot;:&quot;normal&quot;}}\"><\/div><\/div><\/div><\/div><\/div><\/div><\/div><\/div><\/section><section id=\"bt_bb_section69e23fb910d80\"  data-background_image_src=\"'https:\/\/www.alfursanglobal.com\/wp-content\/uploads\/2019\/04\/bgn-industries.png'\" class=\"bt_bb_section bt_bb_layout_boxed_1200 bt_bb_vertical_align_top btLazyLoadBackground bt_bb_background_image\" style=\"background-image:url(&#039;https:\/\/www.alfursanglobal.com\/wp-content\/plugins\/bold-page-builder\/img\/blank.gif&#039;);background-position:center;background-size:contain;\"><div class=\"bt_bb_port\"><div class=\"bt_bb_cell\"><div class=\"bt_bb_cell_inner\"><div class=\"bt_bb_row_wrapper\"><div  class=\"bt_bb_row\"  data-bt-override-class=\"{}\"><div  class=\"bt_bb_column col-xl-12 bt_bb_align_left bt_bb_vertical_align_top bt_bb_animation_fade_in zoom_out animate bt_bb_padding_normal bt_bb_animation_fade_in bt_bb_animation_zoom_out animate\"  data-width=\"12\" data-bt-override-class=\"{}\"><div class=\"bt_bb_column_content\"><div class=\"bt_bb_slider bt_bb_height_auto bt_bb_multiple_slides bt_bb_animation_slide animate bt_bb_arrows_size_large bt_bb_arrows_style_transparent_dark bt_bb_arrows_position_outside\"><div class=\"slick-slider\"  data-slick='{ \"lazyLoad\": \"progressive\", \"cssEase\": \"ease-out\", \"speed\": \"300\", \"adaptiveHeight\": true, \"prevArrow\": \"&lt;button type=\\\"button\\\" class=\\\"slick-prev\\\"&gt;\", \"nextArrow\": \"&lt;button type=\\\"button\\\" class=\\\"slick-next\\\"&gt;\",\"slidesToShow\": 6, \"autoplay\": true, \"autoplaySpeed\": 3000, \"responsive\": [{ \"breakpoint\": 480, \"settings\": { \"slidesToShow\": 1, \"slidesToScroll\": 1 } },{ \"breakpoint\": 768, \"settings\": { \"slidesToShow\": 2, \"slidesToScroll\": 2 } },{ \"breakpoint\": 920, \"settings\": { \"slidesToShow\": 3, \"slidesToScroll\": 3 } },{ \"breakpoint\": 1024, \"settings\": { \"slidesToShow\": 3, \"slidesToScroll\": 3 } }]}' ><div class=\"bt_bb_slider_item\" data-src-full=\"https:\/\/www.alfursanglobal.com\/wp-content\/uploads\/2022\/04\/next-1.jpeg\"><img src=\"https:\/\/www.alfursanglobal.com\/wp-content\/uploads\/2022\/04\/next-1.jpeg\" alt=\"next\"  title=\"next\"><\/div><div class=\"bt_bb_slider_item\" data-src-full=\"https:\/\/www.alfursanglobal.com\/wp-content\/uploads\/2022\/04\/river-1.jpeg\"><img src=\"https:\/\/www.alfursanglobal.com\/wp-content\/uploads\/2022\/04\/river-1.jpeg\" alt=\"river\"  title=\"river\"><\/div><div class=\"bt_bb_slider_item\" data-src-full=\"https:\/\/www.alfursanglobal.com\/wp-content\/uploads\/2022\/04\/ted-1.jpeg\"><img src=\"https:\/\/www.alfursanglobal.com\/wp-content\/uploads\/2022\/04\/ted-1.jpeg\" alt=\"ted\"  title=\"ted\"><\/div><div class=\"bt_bb_slider_item\" data-src-full=\"https:\/\/www.alfursanglobal.com\/wp-content\/uploads\/2022\/04\/joh-1.jpeg\"><img src=\"https:\/\/www.alfursanglobal.com\/wp-content\/uploads\/2022\/04\/joh-1.jpeg\" alt=\"joh\"  title=\"joh\"><\/div><div class=\"bt_bb_slider_item\" data-src-full=\"https:\/\/www.alfursanglobal.com\/wp-content\/uploads\/2022\/04\/deb-1.jpeg\"><img src=\"https:\/\/www.alfursanglobal.com\/wp-content\/uploads\/2022\/04\/deb-1.jpeg\" alt=\"deb\"  title=\"deb\"><\/div><div class=\"bt_bb_slider_item\" data-src-full=\"https:\/\/www.alfursanglobal.com\/wp-content\/uploads\/2022\/04\/long.jpeg\"><img src=\"https:\/\/www.alfursanglobal.com\/wp-content\/uploads\/2022\/04\/long.jpeg\" alt=\"long\"  title=\"long\"><\/div><div class=\"bt_bb_slider_item\" data-src-full=\"https:\/\/www.alfursanglobal.com\/wp-content\/uploads\/2022\/04\/cacharel-2.jpeg\"><img src=\"https:\/\/www.alfursanglobal.com\/wp-content\/uploads\/2022\/04\/cacharel-2.jpeg\" alt=\"cacharel\"  title=\"cacharel\"><\/div><div class=\"bt_bb_slider_item\" data-src-full=\"https:\/\/www.alfursanglobal.com\/wp-content\/uploads\/2022\/04\/pier-1.jpeg\"><img src=\"https:\/\/www.alfursanglobal.com\/wp-content\/uploads\/2022\/04\/pier-1.jpeg\" alt=\"pier\"  title=\"pier\"><\/div><div class=\"bt_bb_slider_item\" data-src-full=\"https:\/\/www.alfursanglobal.com\/wp-content\/uploads\/2022\/04\/usapolo-1.jpeg\"><img src=\"https:\/\/www.alfursanglobal.com\/wp-content\/uploads\/2022\/04\/usapolo-1.jpeg\" alt=\"usapolo\"  title=\"usapolo\"><\/div><div class=\"bt_bb_slider_item\" data-src-full=\"https:\/\/www.alfursanglobal.com\/wp-content\/uploads\/2023\/01\/MASSIMO.jpeg\"><img src=\"https:\/\/www.alfursanglobal.com\/wp-content\/uploads\/2023\/01\/MASSIMO.jpeg\" alt=\"MASSIMO\"  title=\"MASSIMO\"><\/div><div class=\"bt_bb_slider_item\" data-src-full=\"https:\/\/www.alfursanglobal.com\/wp-content\/uploads\/2023\/01\/COS.png\"><img src=\"https:\/\/www.alfursanglobal.com\/wp-content\/uploads\/2023\/01\/COS.png\" alt=\"COS\"  title=\"COS\"><\/div><div class=\"bt_bb_slider_item\" data-src-full=\"https:\/\/www.alfursanglobal.com\/wp-content\/uploads\/2023\/01\/DIESEL.png\"><img src=\"https:\/\/www.alfursanglobal.com\/wp-content\/uploads\/2023\/01\/DIESEL.png\" alt=\"DIESEL\"  title=\"DIESEL\"><\/div><div class=\"bt_bb_slider_item\" data-src-full=\"https:\/\/www.alfursanglobal.com\/wp-content\/uploads\/2023\/01\/GUESS.png\"><img src=\"https:\/\/www.alfursanglobal.com\/wp-content\/uploads\/2023\/01\/GUESS.png\" alt=\"GUESS\"  title=\"GUESS\"><\/div><div class=\"bt_bb_slider_item\" data-src-full=\"https:\/\/www.alfursanglobal.com\/wp-content\/uploads\/2023\/01\/MANUEL-BARCELO.jpeg\"><img src=\"https:\/\/www.alfursanglobal.com\/wp-content\/uploads\/2023\/01\/MANUEL-BARCELO.jpeg\" alt=\"MANUEL BARCELO\"  title=\"MANUEL BARCELO\"><\/div><div class=\"bt_bb_slider_item\" data-src-full=\"https:\/\/www.alfursanglobal.com\/wp-content\/uploads\/2023\/01\/HOGAN.jpeg\"><img src=\"https:\/\/www.alfursanglobal.com\/wp-content\/uploads\/2023\/01\/HOGAN.jpeg\" alt=\"HOGAN\"  title=\"HOGAN\"><\/div><div class=\"bt_bb_slider_item\" data-src-full=\"https:\/\/www.alfursanglobal.com\/wp-content\/uploads\/2023\/01\/ASICS.jpeg\"><img src=\"https:\/\/www.alfursanglobal.com\/wp-content\/uploads\/2023\/01\/ASICS.jpeg\" alt=\"ASICS\"  title=\"ASICS\"><\/div><div class=\"bt_bb_slider_item\" data-src-full=\"https:\/\/www.alfursanglobal.com\/wp-content\/uploads\/2023\/01\/P448.jpeg\"><img src=\"https:\/\/www.alfursanglobal.com\/wp-content\/uploads\/2023\/01\/P448.jpeg\" alt=\"P448\"  title=\"P448\"><\/div><div class=\"bt_bb_slider_item\" data-src-full=\"https:\/\/www.alfursanglobal.com\/wp-content\/uploads\/2023\/01\/DS-DAMAT.png\"><img src=\"https:\/\/www.alfursanglobal.com\/wp-content\/uploads\/2023\/01\/DS-DAMAT.png\" alt=\"DS DAMAT\"  title=\"DS DAMAT\"><\/div><div class=\"bt_bb_slider_item\" data-src-full=\"https:\/\/www.alfursanglobal.com\/wp-content\/uploads\/2023\/01\/QUE.png\"><img src=\"https:\/\/www.alfursanglobal.com\/wp-content\/uploads\/2023\/01\/QUE.png\" alt=\"QUE\"  title=\"QUE\"><\/div><div class=\"bt_bb_slider_item\" data-src-full=\"https:\/\/www.alfursanglobal.com\/wp-content\/uploads\/2023\/01\/DERIDEN.png\"><img src=\"https:\/\/www.alfursanglobal.com\/wp-content\/uploads\/2023\/01\/DERIDEN.png\" alt=\"DERIDEN\"  title=\"DERIDEN\"><\/div><div class=\"bt_bb_slider_item\" data-src-full=\"https:\/\/www.alfursanglobal.com\/wp-content\/uploads\/2023\/01\/DERIMOD.jpeg\"><img src=\"https:\/\/www.alfursanglobal.com\/wp-content\/uploads\/2023\/01\/DERIMOD.jpeg\" alt=\"DERIMOD\"  title=\"DERIMOD\"><\/div><div class=\"bt_bb_slider_item\" data-src-full=\"https:\/\/www.alfursanglobal.com\/wp-content\/uploads\/2023\/01\/DESA.png\"><img src=\"https:\/\/www.alfursanglobal.com\/wp-content\/uploads\/2023\/01\/DESA.png\" alt=\"DESA\"  title=\"DESA\"><\/div><div class=\"bt_bb_slider_item\" data-src-full=\"https:\/\/www.alfursanglobal.com\/wp-content\/uploads\/2023\/01\/DOCKERS.png\"><img src=\"https:\/\/www.alfursanglobal.com\/wp-content\/uploads\/2023\/01\/DOCKERS.png\" alt=\"DOCKERS\"  title=\"DOCKERS\"><\/div><div class=\"bt_bb_slider_item\" data-src-full=\"https:\/\/www.alfursanglobal.com\/wp-content\/uploads\/2023\/01\/BEYMEN.jpeg\"><img src=\"https:\/\/www.alfursanglobal.com\/wp-content\/uploads\/2023\/01\/BEYMEN.jpeg\" alt=\"BEYMEN\"  title=\"BEYMEN\"><\/div><div class=\"bt_bb_slider_item\" data-src-full=\"https:\/\/www.alfursanglobal.com\/wp-content\/uploads\/2023\/01\/VAKKO.png\"><img src=\"https:\/\/www.alfursanglobal.com\/wp-content\/uploads\/2023\/01\/VAKKO.png\" alt=\"VAKKO\"  title=\"VAKKO\"><\/div><div class=\"bt_bb_slider_item\" data-src-full=\"https:\/\/www.alfursanglobal.com\/wp-content\/uploads\/2023\/01\/NETWORK.png\"><img src=\"https:\/\/www.alfursanglobal.com\/wp-content\/uploads\/2023\/01\/NETWORK.png\" alt=\"NETWORK\"  title=\"NETWORK\"><\/div><div class=\"bt_bb_slider_item\" data-src-full=\"https:\/\/www.alfursanglobal.com\/wp-content\/uploads\/2023\/01\/FABRIKA.png\"><img src=\"https:\/\/www.alfursanglobal.com\/wp-content\/uploads\/2023\/01\/FABRIKA.png\" alt=\"FABRIKA\"  title=\"FABRIKA\"><\/div><div class=\"bt_bb_slider_item\" data-src-full=\"https:\/\/www.alfursanglobal.com\/wp-content\/uploads\/2023\/01\/IPEKYOL.jpg\"><img src=\"https:\/\/www.alfursanglobal.com\/wp-content\/uploads\/2023\/01\/IPEKYOL.jpg\" alt=\"IPEKYOL\"  title=\"IPEKYOL\"><\/div><div class=\"bt_bb_slider_item\" data-src-full=\"https:\/\/www.alfursanglobal.com\/wp-content\/uploads\/2023\/01\/TWIST.png\"><img src=\"https:\/\/www.alfursanglobal.com\/wp-content\/uploads\/2023\/01\/TWIST.png\" alt=\"TWIST\"  title=\"TWIST\"><\/div><div class=\"bt_bb_slider_item\" data-src-full=\"https:\/\/www.alfursanglobal.com\/wp-content\/uploads\/2023\/01\/MAVI.png\"><img src=\"https:\/\/www.alfursanglobal.com\/wp-content\/uploads\/2023\/01\/MAVI.png\" alt=\"MAVI\"  title=\"MAVI\"><\/div><div class=\"bt_bb_slider_item\" data-src-full=\"https:\/\/www.alfursanglobal.com\/wp-content\/uploads\/2023\/01\/LTB.png\"><img src=\"https:\/\/www.alfursanglobal.com\/wp-content\/uploads\/2023\/01\/LTB.png\" alt=\"LTB\"  title=\"LTB\"><\/div><\/div><\/div><\/div><\/div><\/div><\/div><\/div><\/div><\/div><\/section>","protected":false},"excerpt":{"rendered":"<p>Sinergizar por completo las relaciones que gravan los recursos a trav\u00e9s de nichos de mercado de primer orden. Cultive profesionalmente la atenci\u00f3n al cliente personalizada con ideas s\u00f3lidas. Innovar din\u00e1micamente el servicio de atenci\u00f3n al cliente con nivelaci\u00f3n de recursos para ofrecer un servicio de atenci\u00f3n al cliente de vanguardia.<\/p>\n","protected":false},"author":1,"featured_media":3321,"parent":0,"menu_order":0,"comment_status":"closed","ping_status":"closed","template":"","meta":[],"yst_prominent_words":[],"_links":{"self":[{"href":"https:\/\/www.alfursanglobal.com\/es\/wp-json\/wp\/v2\/pages\/5544"}],"collection":[{"href":"https:\/\/www.alfursanglobal.com\/es\/wp-json\/wp\/v2\/pages"}],"about":[{"href":"https:\/\/www.alfursanglobal.com\/es\/wp-json\/wp\/v2\/types\/page"}],"author":[{"embeddable":true,"href":"https:\/\/www.alfursanglobal.com\/es\/wp-json\/wp\/v2\/users\/1"}],"replies":[{"embeddable":true,"href":"https:\/\/www.alfursanglobal.com\/es\/wp-json\/wp\/v2\/comments?post=5544"}],"version-history":[{"count":7,"href":"https:\/\/www.alfursanglobal.com\/es\/wp-json\/wp\/v2\/pages\/5544\/revisions"}],"predecessor-version":[{"id":5551,"href":"https:\/\/www.alfursanglobal.com\/es\/wp-json\/wp\/v2\/pages\/5544\/revisions\/5551"}],"wp:featuredmedia":[{"embeddable":true,"href":"https:\/\/www.alfursanglobal.com\/es\/wp-json\/wp\/v2\/media\/3321"}],"wp:attachment":[{"href":"https:\/\/www.alfursanglobal.com\/es\/wp-json\/wp\/v2\/media?parent=5544"}],"wp:term":[{"taxonomy":"yst_prominent_words","embeddable":true,"href":"https:\/\/www.alfursanglobal.com\/es\/wp-json\/wp\/v2\/yst_prominent_words?post=5544"}],"curies":[{"name":"wp","href":"https:\/\/api.w.org\/{rel}","templated":true}]}}