{"id":5096,"date":"2022-02-11T20:12:56","date_gmt":"2022-02-11T17:12:56","guid":{"rendered":"https:\/\/www.alfursanglobal.com\/cosmetiques-soins-personnels-et-produits-menagers\/"},"modified":"2023-01-18T00:05:24","modified_gmt":"2023-01-17T21:05:24","slug":"cosmetiques-soins-personnels-et-produits-menagers","status":"publish","type":"page","link":"https:\/\/www.alfursanglobal.com\/fr\/cosmetiques-soins-personnels-et-produits-menagers\/","title":{"rendered":"Cosm\u00e9tiques &#8211; Soins personnels et produits m\u00e9nagers"},"content":{"rendered":"<section id=\"bt_bb_section69e20244bea2d\"  data-background_image_src=\"'https:\/\/www.alfursanglobal.com\/wp-content\/uploads\/2019\/04\/bgn-cases-3.png'\" class=\"bt_bb_section bt_bb_bottom_spacing_small bt_bb_layout_boxed_1200 bt_bb_vertical_align_top btLazyLoadBackground bt_bb_background_image\" style=\"background-image:url(&#039;https:\/\/www.alfursanglobal.com\/wp-content\/plugins\/bold-page-builder\/img\/blank.gif&#039;);background-position:center;background-size:cover;\"><div class=\"bt_bb_port\"><div class=\"bt_bb_cell\"><div class=\"bt_bb_cell_inner\"><div class=\"bt_bb_row_wrapper\"><div  class=\"bt_bb_row\"  data-bt-override-class=\"{}\"><div  class=\"bt_bb_column col-xl-12 col-xs-12 col-sm-12 col-md-12 col-lg-12 bt_bb_align_left bt_bb_vertical_align_top bt_bb_animation_fade_in move_up animate bt_bb_padding_normal bt_bb_animation_fade_in bt_bb_animation_move_up animate\"  data-width=\"12\" data-bt-override-class=\"{}\"><div class=\"bt_bb_column_content\"><div class=\"bt_bb_image bt_bb_shape_square bt_bb_target_self bt_bb_align_inherit bt_bb_hover_style_simple bt_bb_content_display_always bt_bb_content_align_middle bt_bb_fill_background_color_full\" data-bt-override-class=\"{&quot;bt_bb_align_&quot;:{&quot;current_class&quot;:&quot;bt_bb_align_inherit&quot;,&quot;xxl&quot;:&quot;inherit&quot;,&quot;xl&quot;:&quot;inherit&quot;}}\"><span><img width=\"1200\" height=\"479\" src=\"https:\/\/www.alfursanglobal.com\/wp-content\/uploads\/2022\/05\/Cosmetics-Personal-Care-and-Household-Products-1536x1047-1.jpg\" class=\"attachment-full size-full\" alt=\"https:\/\/www.alfursanglobal.com\/wp-content\/uploads\/2022\/05\/Cosmetics-Personal-Care-and-Household-Products-1536x1047-1.jpg\" decoding=\"async\" loading=\"lazy\" data-full_image_src=\"https:\/\/www.alfursanglobal.com\/wp-content\/uploads\/2022\/05\/Cosmetics-Personal-Care-and-Household-Products-1536x1047-1.jpg\" title=\"Cosmetics-Personal-Care-and-Household-Products-1536x1047\" srcset=\"https:\/\/www.alfursanglobal.com\/wp-content\/uploads\/2022\/05\/Cosmetics-Personal-Care-and-Household-Products-1536x1047-1.jpg 1200w, https:\/\/www.alfursanglobal.com\/wp-content\/uploads\/2022\/05\/Cosmetics-Personal-Care-and-Household-Products-1536x1047-1-640x255.jpg 640w, https:\/\/www.alfursanglobal.com\/wp-content\/uploads\/2022\/05\/Cosmetics-Personal-Care-and-Household-Products-1536x1047-1-768x307.jpg 768w, https:\/\/www.alfursanglobal.com\/wp-content\/uploads\/2022\/05\/Cosmetics-Personal-Care-and-Household-Products-1536x1047-1-320x128.jpg 320w\" sizes=\"(max-width: 1200px) 100vw, 1200px\" \/><\/span><\/div><\/div><\/div><\/div><\/div><\/div><\/div><\/div><\/section><section id=\"bt_bb_section69e20244bf0fa\"  data-background_image_src=\"'https:\/\/www.alfursanglobal.com\/wp-content\/uploads\/2019\/04\/bgn-cases-3.png'\" class=\"bt_bb_section bt_bb_layout_boxed_1200 bt_bb_vertical_align_top btLazyLoadBackground bt_bb_background_image\" style=\"background-image:url(&#039;https:\/\/www.alfursanglobal.com\/wp-content\/plugins\/bold-page-builder\/img\/blank.gif&#039;);background-position:center;background-size:cover;\"><div class=\"bt_bb_port\"><div class=\"bt_bb_cell\"><div class=\"bt_bb_cell_inner\"><div class=\"bt_bb_row_wrapper\"><div  class=\"bt_bb_row\"  data-bt-override-class=\"{}\"><div  class=\"bt_bb_column col-xl-6 bt_bb_align_left bt_bb_vertical_align_top bt_bb_animation_fade_in move_up animate bt_bb_padding_normal bt_bb_animation_fade_in bt_bb_animation_move_up animate\"  data-width=\"6\" data-bt-override-class=\"{}\"><div class=\"bt_bb_column_content\"><header class=\"bt_bb_headline bt_bb_dash_top bt_bb_superheadline bt_bb_superheadline_outside bt_bb_size_normal bt_bb_align_inherit\" data-bt-override-class=\"{&quot;bt_bb_size_&quot;:{&quot;current_class&quot;:&quot;bt_bb_size_normal&quot;,&quot;xxl&quot;:&quot;normal&quot;,&quot;xl&quot;:&quot;normal&quot;},&quot;bt_bb_align_&quot;:{&quot;current_class&quot;:&quot;bt_bb_align_inherit&quot;,&quot;xxl&quot;:&quot;inherit&quot;,&quot;xl&quot;:&quot;inherit&quot;}}\"><div class=\"bt_bb_headline_superheadline_outside\"><span class=\"bt_bb_headline_superheadline\">Cosm\u00e9tiques - Soins personnels et produits m\u00e9nagers<\/span><\/div><h2 class=\"bt_bb_headline_tag\"><span class=\"bt_bb_headline_content\"><span><u>Regardez de plus pr\u00e8s nos services.<\/u><\/span><\/span><\/h2><\/header><div class=\"bt_bb_separator bt_bb_border_style_none bt_bb_bottom_spacing_medium\" data-bt-override-class=\"null\"><\/div><\/div><\/div><div  class=\"bt_bb_column col-xl-6 bt_bb_align_left bt_bb_vertical_align_top bt_bb_padding_normal\"  data-width=\"6\" data-bt-override-class=\"{}\"><div class=\"bt_bb_column_content\"><\/div><\/div><\/div><\/div><div class=\"bt_bb_row_wrapper\"><div  class=\"bt_bb_row\"  data-bt-override-class=\"{}\"><div  class=\"bt_bb_column col-xl-4 bt_bb_align_left bt_bb_vertical_align_top bt_bb_animation_fade_in animate bt_bb_padding_normal bt_bb_animation_fade_in animate\"  data-width=\"4\" data-bt-override-class=\"{}\"><div class=\"bt_bb_column_content\"><div  class=\"bt_bb_text\" ><p>Nous sommes un grossiste et un exportateur de produits cosm\u00e9tiques courants sp\u00e9cifiques, de produits sanitaires jetables pour les soins personnels, de produits m\u00e9nagers sur les march\u00e9s et un fournisseur de services de production de marques priv\u00e9es en sous-traitance, sp\u00e9cialis\u00e9 dans la production et l&rsquo;exportation de produits de haute qualit\u00e9 sur les march\u00e9s mondiaux avec une gamme compl\u00e8te de services.<\/p>\n<p>Nous apportons de la valeur \u00e0 nos clients dans les secteurs suivants.<\/p>\n<p>Nous adaptons les services appropri\u00e9s \u00e0 nos clients et \u00e0 leurs secteurs d&rsquo;activit\u00e9. Nous sommes des \u00e9quipes sp\u00e9cialis\u00e9es dans l&rsquo;approvisionnement, la livraison et les douanes qui connaissent nos clients et leur activit\u00e9.<\/p>\n<\/div><div class=\"bt_bb_separator bt_bb_border_style_none bt_bb_bottom_spacing_small bt_bb_hidden_md bt_bb_hidden_lg\" data-bt-override-class=\"null\"><\/div><\/div><\/div><div  class=\"bt_bb_column col-xl-4 bt_bb_align_left bt_bb_vertical_align_top bt_bb_animation_fade_in animate bt_bb_padding_normal bt_bb_animation_fade_in animate\"  data-width=\"4\" data-bt-override-class=\"{}\"><div class=\"bt_bb_column_content\"><div  class=\"bt_bb_text\" ><div id=\"tabContent2\" class=\"tab-content section-sp2\">\n<div id=\"vision2\" class=\"tab-pane fade show active\">\n<div class=\"text-center mission-tab-bx text-black\">\n<div id=\"tabContent2\" class=\"tab-content section-sp2\">\n<div id=\"vision2\" class=\"tab-pane fade show active\">\n<div id=\"tabContent4\" class=\"tab-content section-sp2\">\n<div id=\"vision4\" class=\"tab-pane fade show active\">\n<div class=\"text-center mission-tab-bx text-black\">\n<p><strong>Voici la liste de nos principaux produits d&rsquo;exportation :<\/strong><\/p>\n<div id=\"tabContent2\" class=\"tab-content section-sp2\">\n<div id=\"vision2\" class=\"tab-pane fade show active\">\n<div class=\"text-center mission-tab-bx text-black\">\n<div id=\"tabContent2\" class=\"tab-content section-sp2\">\n<div id=\"vision2\" class=\"tab-pane fade show active\">\n<table border=\"0\" width=\"200\">\n<tbody>\n<tr>\n<td valign=\"top\">\n<p class=\"br-left\"><span class=\"mission-tab-bx\">&#8211; D\u00e9sodorisants d&rsquo;ambiance<br \/>\n&#8211; D\u00e9odorant en spray<br \/>\n&#8211; D\u00e9odorant en stick<br \/>\n&#8211; Parfum et eau de Cologne<br \/>\n&#8211; Savon liquide<br \/>\n&#8211; Savon<br \/>\n&#8211; Shampooing<br \/>\n&#8211; Gel douche<br \/>\n&#8211; Lotion pour le corps<br \/>\n&#8211; Cr\u00e8mes pour le visage<br \/>\n&#8211; Soins de la peau<\/span><\/p>\n<\/td>\n<td valign=\"top\">\n<p class=\"br-left\">&#8211; Cosm\u00e9tiques biologiques et naturels<br \/>\n&#8211; Couches pour b\u00e9b\u00e9s<br \/>\n&#8211; Lingettes humides<br \/>\n&#8211; Couche pour adultes<br \/>\n&#8211; Pantalon adulte<br \/>\n&#8211; Produits sanitaires<br \/>\n&#8211; Teinture pour cheveux<br \/>\n&#8211; Mat\u00e9riel de maquillage<br \/>\n&#8211; Produits m\u00e9dicaux<br \/>\n&#8211; D\u00e9tergents<br \/>\n&#8211; Produits insecticides<\/p>\n<\/td>\n<\/tr>\n<\/tbody>\n<\/table>\n<\/div>\n<\/div>\n<\/div>\n<\/div>\n<\/div>\n<\/div>\n<\/div>\n<\/div>\n<\/div>\n<\/div>\n<\/div>\n<\/div>\n<\/div>\n<\/div><div class=\"bt_bb_separator bt_bb_border_style_none bt_bb_top_spacing_small bt_bb_bottom_spacing_small\" data-bt-override-class=\"{&quot;bt_bb_top_spacing_&quot;:{&quot;current_class&quot;:&quot;bt_bb_top_spacing_small&quot;,&quot;xxl&quot;:&quot;small&quot;,&quot;xl&quot;:&quot;small&quot;},&quot;bt_bb_bottom_spacing_&quot;:{&quot;current_class&quot;:&quot;bt_bb_bottom_spacing_small&quot;,&quot;xxl&quot;:&quot;small&quot;,&quot;xl&quot;:&quot;small&quot;}}\"><\/div><\/div><\/div><div  class=\"bt_bb_column col-xl-4 bt_bb_align_left bt_bb_vertical_align_top bt_bb_animation_fade_in animate bt_bb_padding_normal bt_bb_animation_fade_in animate\"  data-width=\"4\" data-bt-override-class=\"{}\"><div class=\"bt_bb_column_content\"><div  class=\"bt_bb_text\" ><div id=\"tabContent2\" class=\"tab-content section-sp2\">\n<div id=\"vision2\" class=\"tab-pane fade show active\">\n<div class=\"text-center mission-tab-bx text-black\">\n<div id=\"tabContent2\" class=\"tab-content section-sp2\">\n<div id=\"vision2\" class=\"tab-pane fade show active\">\n<div id=\"tabContent4\" class=\"tab-content section-sp2\">\n<div id=\"vision4\" class=\"tab-pane fade show active\">\n<div class=\"text-center mission-tab-bx text-black\">\n<div id=\"tabContent4\" class=\"tab-content section-sp2\">\n<div id=\"vision4\" class=\"tab-pane fade show active\">\n<div class=\"text-center mission-tab-bx text-black\">\n<p>Ensemble, nous disposons d&rsquo;une vaste exp\u00e9rience dans divers secteurs d&rsquo;activit\u00e9 et de fabrication. Voulez-vous apprendre de premi\u00e8re main les ingr\u00e9dients n\u00e9cessaires pour que votre entreprise se d\u00e9marque ? Nous souhaitons vous faire profiter de notre exp\u00e9rience pour vous aider et renforcer votre entreprise.<\/p>\n<p>Profitez de notre large gamme de produits et de services, avec notre aide et nos connaissances, laissez-nous vous fournir des services sur mesure pour vos propres processus et autres besoins.<\/p>\n<p><strong>Quand est-ce qu&rsquo;on commence ?<\/strong><\/p>\n<p>Nous serions ravis de vous entendre ! Parlez-nous quand vous voulez !<\/p>\n<h4 class=\"sub-title\"><strong><u>CONTACTEZ-NOUS<\/u><\/strong><\/h4>\n<p><em>Veuillez remplir le formulaire et nous envoyer votre demande, laissez-nous faciliter vos affaires en tant que partenaire d&rsquo;approvisionnement.<\/em><\/p>\n<\/div>\n<\/div>\n<\/div>\n<\/div>\n<\/div>\n<\/div>\n<\/div>\n<\/div>\n<\/div>\n<\/div>\n<\/div>\n<\/div><div class=\"bt_bb_button bt_bb_color_scheme_2 bt_bb_icon_position_left bt_bb_style_outline bt_bb_size_normal bt_bb_width_inline bt_bb_shape_inherit bt_bb_target_self bt_bb_align_inherit\" style=\"; --primary-color:#191919; --secondary-color:#ffffff;\" data-bt-override-class=\"{&quot;bt_bb_size_&quot;:{&quot;current_class&quot;:&quot;bt_bb_size_normal&quot;,&quot;xxl&quot;:&quot;normal&quot;,&quot;xl&quot;:&quot;normal&quot;},&quot;bt_bb_align_&quot;:{&quot;current_class&quot;:&quot;bt_bb_align_inherit&quot;,&quot;xxl&quot;:&quot;inherit&quot;,&quot;xl&quot;:&quot;inherit&quot;}}\"><a href=\"https:\/\/www.alfursanglobal.com\/fr\/contact\/\" target=\"_self\" class=\"bt_bb_link\" title=\"Contactons-nous maintenant\"><span class=\"bt_bb_button_text\" >Contactons-nous maintenant<\/span><span  data-ico-humanresources=\"&#xe91b;\" class=\"bt_bb_icon_holder\"><\/span><\/a><\/div><div class=\"bt_bb_separator bt_bb_border_style_none bt_bb_top_spacing_normal bt_bb_bottom_spacing_normal\" data-bt-override-class=\"{&quot;bt_bb_top_spacing_&quot;:{&quot;current_class&quot;:&quot;bt_bb_top_spacing_normal&quot;,&quot;xxl&quot;:&quot;normal&quot;,&quot;xl&quot;:&quot;normal&quot;},&quot;bt_bb_bottom_spacing_&quot;:{&quot;current_class&quot;:&quot;bt_bb_bottom_spacing_normal&quot;,&quot;xxl&quot;:&quot;normal&quot;,&quot;xl&quot;:&quot;normal&quot;}}\"><\/div><\/div><\/div><\/div><\/div><\/div><\/div><\/div><\/section><section id=\"bt_bb_section69e20244c017c\"  data-background_image_src=\"'https:\/\/www.alfursanglobal.com\/wp-content\/uploads\/2019\/04\/bgn-industries.png'\" class=\"bt_bb_section bt_bb_layout_boxed_1200 bt_bb_vertical_align_top btLazyLoadBackground bt_bb_background_image\" style=\"background-image:url(&#039;https:\/\/www.alfursanglobal.com\/wp-content\/plugins\/bold-page-builder\/img\/blank.gif&#039;);background-position:center;background-size:contain;\"><div class=\"bt_bb_port\"><div class=\"bt_bb_cell\"><div class=\"bt_bb_cell_inner\"><div class=\"bt_bb_row_wrapper\"><div  class=\"bt_bb_row\"  data-bt-override-class=\"{}\"><div  class=\"bt_bb_column col-xl-12 bt_bb_align_left bt_bb_vertical_align_top bt_bb_animation_fade_in zoom_out animate bt_bb_padding_normal bt_bb_animation_fade_in bt_bb_animation_zoom_out animate\"  data-width=\"12\" data-bt-override-class=\"{}\"><div class=\"bt_bb_column_content\"><div class=\"bt_bb_slider bt_bb_height_auto bt_bb_multiple_slides bt_bb_animation_slide animate bt_bb_arrows_size_large bt_bb_arrows_style_transparent_dark bt_bb_arrows_position_outside\"><div class=\"slick-slider\"  data-slick='{ \"lazyLoad\": \"progressive\", \"cssEase\": \"ease-out\", \"speed\": \"300\", \"adaptiveHeight\": true, \"prevArrow\": \"&lt;button type=\\\"button\\\" class=\\\"slick-prev\\\"&gt;\", \"nextArrow\": \"&lt;button type=\\\"button\\\" class=\\\"slick-next\\\"&gt;\",\"slidesToShow\": 6, \"autoplay\": true, \"autoplaySpeed\": 3000, \"responsive\": [{ \"breakpoint\": 480, \"settings\": { \"slidesToShow\": 1, \"slidesToScroll\": 1 } },{ \"breakpoint\": 768, \"settings\": { \"slidesToShow\": 2, \"slidesToScroll\": 2 } },{ \"breakpoint\": 920, \"settings\": { \"slidesToShow\": 3, \"slidesToScroll\": 3 } },{ \"breakpoint\": 1024, \"settings\": { \"slidesToShow\": 3, \"slidesToScroll\": 3 } }]}' ><div class=\"bt_bb_slider_item\" data-src-full=\"https:\/\/www.alfursanglobal.com\/wp-content\/uploads\/2022\/04\/lo-1.jpeg\"><img src=\"https:\/\/www.alfursanglobal.com\/wp-content\/uploads\/2022\/04\/lo-1.jpeg\" alt=\"lo\"  title=\"lo\"><\/div><div class=\"bt_bb_slider_item\" data-src-full=\"https:\/\/www.alfursanglobal.com\/wp-content\/uploads\/2022\/04\/gar.jpeg\"><img src=\"https:\/\/www.alfursanglobal.com\/wp-content\/uploads\/2022\/04\/gar.jpeg\" alt=\"gar\"  title=\"gar\"><\/div><div class=\"bt_bb_slider_item\" data-src-full=\"https:\/\/www.alfursanglobal.com\/wp-content\/uploads\/2022\/04\/mac.jpeg\"><img src=\"https:\/\/www.alfursanglobal.com\/wp-content\/uploads\/2022\/04\/mac.jpeg\" alt=\"mac\"  title=\"mac\"><\/div><div class=\"bt_bb_slider_item\" data-src-full=\"https:\/\/www.alfursanglobal.com\/wp-content\/uploads\/2022\/04\/gil-1.jpeg\"><img src=\"https:\/\/www.alfursanglobal.com\/wp-content\/uploads\/2022\/04\/gil-1.jpeg\" alt=\"gil\"  title=\"gil\"><\/div><div class=\"bt_bb_slider_item\" data-src-full=\"https:\/\/www.alfursanglobal.com\/wp-content\/uploads\/2022\/04\/uni-1.jpeg\"><img src=\"https:\/\/www.alfursanglobal.com\/wp-content\/uploads\/2022\/04\/uni-1.jpeg\" alt=\"uni\"  title=\"uni\"><\/div><div class=\"bt_bb_slider_item\" data-src-full=\"https:\/\/www.alfursanglobal.com\/wp-content\/uploads\/2022\/04\/pg-1.jpeg\"><img src=\"https:\/\/www.alfursanglobal.com\/wp-content\/uploads\/2022\/04\/pg-1.jpeg\" alt=\"pg\"  title=\"pg\"><\/div><div class=\"bt_bb_slider_item\" data-src-full=\"https:\/\/www.alfursanglobal.com\/wp-content\/uploads\/2022\/04\/hay-1.jpeg\"><img src=\"https:\/\/www.alfursanglobal.com\/wp-content\/uploads\/2022\/04\/hay-1.jpeg\" alt=\"hay\"  title=\"hay\"><\/div><div class=\"bt_bb_slider_item\" data-src-full=\"https:\/\/www.alfursanglobal.com\/wp-content\/uploads\/2022\/04\/or.jpeg\"><img src=\"https:\/\/www.alfursanglobal.com\/wp-content\/uploads\/2022\/04\/or.jpeg\" alt=\"or\"  title=\"or\"><\/div><div class=\"bt_bb_slider_item\" data-src-full=\"https:\/\/www.alfursanglobal.com\/wp-content\/uploads\/2022\/04\/mol.jpeg\"><img src=\"https:\/\/www.alfursanglobal.com\/wp-content\/uploads\/2022\/04\/mol.jpeg\" alt=\"mol\"  title=\"mol\"><\/div><div class=\"bt_bb_slider_item\" data-src-full=\"https:\/\/www.alfursanglobal.com\/wp-content\/uploads\/2022\/04\/sel.jpeg\"><img src=\"https:\/\/www.alfursanglobal.com\/wp-content\/uploads\/2022\/04\/sel.jpeg\" alt=\"sel\"  title=\"sel\"><\/div><div class=\"bt_bb_slider_item\" data-src-full=\"https:\/\/www.alfursanglobal.com\/wp-content\/uploads\/2022\/04\/dur.jpeg\"><img src=\"https:\/\/www.alfursanglobal.com\/wp-content\/uploads\/2022\/04\/dur.jpeg\" alt=\"dur\"  title=\"dur\"><\/div><div class=\"bt_bb_slider_item\" data-src-full=\"https:\/\/www.alfursanglobal.com\/wp-content\/uploads\/2022\/04\/haci.jpeg\"><img src=\"https:\/\/www.alfursanglobal.com\/wp-content\/uploads\/2022\/04\/haci.jpeg\" alt=\"haci\"  title=\"haci\"><\/div><div class=\"bt_bb_slider_item\" data-src-full=\"https:\/\/www.alfursanglobal.com\/wp-content\/uploads\/2022\/04\/pir.jpeg\"><img src=\"https:\/\/www.alfursanglobal.com\/wp-content\/uploads\/2022\/04\/pir.jpeg\" alt=\"pir\"  title=\"pir\"><\/div><div class=\"bt_bb_slider_item\" data-src-full=\"https:\/\/www.alfursanglobal.com\/wp-content\/uploads\/2022\/04\/molf.jpeg\"><img src=\"https:\/\/www.alfursanglobal.com\/wp-content\/uploads\/2022\/04\/molf.jpeg\" alt=\"molf\"  title=\"molf\"><\/div><\/div><\/div><\/div><\/div><\/div><\/div><\/div><\/div><\/div><\/section>","protected":false},"excerpt":{"rendered":"<p>Cr\u00e9er une synergie compl\u00e8te entre les relations qui taxent les ressources via des march\u00e9s de niche de premier ordre. Cultivez professionnellement le service client en face \u00e0 face avec des id\u00e9es solides. Innovez de mani\u00e8re dynamique le service client\u00e8le en mati\u00e8re de ressources pour un service client\u00e8le de pointe.<\/p>\n","protected":false},"author":1,"featured_media":3317,"parent":0,"menu_order":0,"comment_status":"closed","ping_status":"closed","template":"","meta":[],"yst_prominent_words":[],"_links":{"self":[{"href":"https:\/\/www.alfursanglobal.com\/fr\/wp-json\/wp\/v2\/pages\/5096"}],"collection":[{"href":"https:\/\/www.alfursanglobal.com\/fr\/wp-json\/wp\/v2\/pages"}],"about":[{"href":"https:\/\/www.alfursanglobal.com\/fr\/wp-json\/wp\/v2\/types\/page"}],"author":[{"embeddable":true,"href":"https:\/\/www.alfursanglobal.com\/fr\/wp-json\/wp\/v2\/users\/1"}],"replies":[{"embeddable":true,"href":"https:\/\/www.alfursanglobal.com\/fr\/wp-json\/wp\/v2\/comments?post=5096"}],"version-history":[{"count":7,"href":"https:\/\/www.alfursanglobal.com\/fr\/wp-json\/wp\/v2\/pages\/5096\/revisions"}],"predecessor-version":[{"id":5103,"href":"https:\/\/www.alfursanglobal.com\/fr\/wp-json\/wp\/v2\/pages\/5096\/revisions\/5103"}],"wp:featuredmedia":[{"embeddable":true,"href":"https:\/\/www.alfursanglobal.com\/fr\/wp-json\/wp\/v2\/media\/3317"}],"wp:attachment":[{"href":"https:\/\/www.alfursanglobal.com\/fr\/wp-json\/wp\/v2\/media?parent=5096"}],"wp:term":[{"taxonomy":"yst_prominent_words","embeddable":true,"href":"https:\/\/www.alfursanglobal.com\/fr\/wp-json\/wp\/v2\/yst_prominent_words?post=5096"}],"curies":[{"name":"wp","href":"https:\/\/api.w.org\/{rel}","templated":true}]}}