{"id":5512,"date":"2022-02-07T17:18:23","date_gmt":"2022-02-07T14:18:23","guid":{"rendered":"https:\/\/www.alfursanglobal.com\/gestion-de-la-chaine-dapprovisionnement-du-textile-et-de-lhabillement\/"},"modified":"2023-01-19T18:37:28","modified_gmt":"2023-01-19T15:37:28","slug":"gestion-de-la-chaine-dapprovisionnement-du-textile-et-de-lhabillement","status":"publish","type":"page","link":"https:\/\/www.alfursanglobal.com\/fr\/gestion-de-la-chaine-dapprovisionnement-du-textile-et-de-lhabillement\/","title":{"rendered":"Gestion de la cha\u00eene d&rsquo;approvisionnement du textile et de l&rsquo;habillement"},"content":{"rendered":"<section id=\"bt_bb_section69e21c2611d19\"  data-background_image_src=\"'https:\/\/www.alfursanglobal.com\/wp-content\/uploads\/2019\/04\/bgn-cases-3.png'\" class=\"bt_bb_section bt_bb_bottom_spacing_small bt_bb_layout_boxed_1200 bt_bb_vertical_align_top btLazyLoadBackground bt_bb_background_image\" style=\"background-image:url(&#039;https:\/\/www.alfursanglobal.com\/wp-content\/plugins\/bold-page-builder\/img\/blank.gif&#039;);background-position:center;background-size:cover;\"><div class=\"bt_bb_port\"><div class=\"bt_bb_cell\"><div class=\"bt_bb_cell_inner\"><div class=\"bt_bb_row_wrapper\"><div  class=\"bt_bb_row\"  data-bt-override-class=\"{}\"><div  class=\"bt_bb_column col-xl-12 col-xs-12 col-sm-12 col-md-12 col-lg-12 bt_bb_align_left bt_bb_vertical_align_top bt_bb_animation_fade_in move_up animate bt_bb_padding_normal bt_bb_animation_fade_in bt_bb_animation_move_up animate\"  data-width=\"12\" data-bt-override-class=\"{}\"><div class=\"bt_bb_column_content\"><div class=\"bt_bb_image bt_bb_shape_square bt_bb_target_self bt_bb_align_inherit bt_bb_hover_style_simple bt_bb_content_display_always bt_bb_content_align_middle bt_bb_fill_background_color_full\" data-bt-override-class=\"{&quot;bt_bb_align_&quot;:{&quot;current_class&quot;:&quot;bt_bb_align_inherit&quot;,&quot;xxl&quot;:&quot;inherit&quot;,&quot;xl&quot;:&quot;inherit&quot;}}\"><span><img width=\"1200\" height=\"479\" src=\"https:\/\/www.alfursanglobal.com\/wp-content\/uploads\/2022\/05\/tedb.jpg\" class=\"attachment-full size-full\" alt=\"https:\/\/www.alfursanglobal.com\/wp-content\/uploads\/2022\/05\/tedb.jpg\" decoding=\"async\" loading=\"lazy\" data-full_image_src=\"https:\/\/www.alfursanglobal.com\/wp-content\/uploads\/2022\/05\/tedb.jpg\" srcset=\"https:\/\/www.alfursanglobal.com\/wp-content\/uploads\/2022\/05\/tedb.jpg 1200w, https:\/\/www.alfursanglobal.com\/wp-content\/uploads\/2022\/05\/tedb-640x255.jpg 640w, https:\/\/www.alfursanglobal.com\/wp-content\/uploads\/2022\/05\/tedb-768x307.jpg 768w, https:\/\/www.alfursanglobal.com\/wp-content\/uploads\/2022\/05\/tedb-320x128.jpg 320w\" sizes=\"(max-width: 1200px) 100vw, 1200px\" \/><\/span><\/div><\/div><\/div><\/div><\/div><\/div><\/div><\/div><\/section><section id=\"bt_bb_section69e21c2612463\"  data-background_image_src=\"'https:\/\/www.alfursanglobal.com\/wp-content\/uploads\/2019\/04\/bgn-cases-3.png'\" class=\"bt_bb_section bt_bb_layout_boxed_1200 bt_bb_vertical_align_top btLazyLoadBackground bt_bb_background_image\" style=\"background-image:url(&#039;https:\/\/www.alfursanglobal.com\/wp-content\/plugins\/bold-page-builder\/img\/blank.gif&#039;);background-position:center;background-size:cover;\"><div class=\"bt_bb_port\"><div class=\"bt_bb_cell\"><div class=\"bt_bb_cell_inner\"><div class=\"bt_bb_row_wrapper\"><div  class=\"bt_bb_row\"  data-bt-override-class=\"{}\"><div  class=\"bt_bb_column col-xl-6 bt_bb_align_left bt_bb_vertical_align_top bt_bb_animation_fade_in move_up animate bt_bb_padding_normal bt_bb_animation_fade_in bt_bb_animation_move_up animate\"  data-width=\"6\" data-bt-override-class=\"{}\"><div class=\"bt_bb_column_content\"><header class=\"bt_bb_headline bt_bb_dash_top bt_bb_superheadline bt_bb_superheadline_outside bt_bb_size_normal bt_bb_align_inherit\" data-bt-override-class=\"{&quot;bt_bb_size_&quot;:{&quot;current_class&quot;:&quot;bt_bb_size_normal&quot;,&quot;xxl&quot;:&quot;normal&quot;,&quot;xl&quot;:&quot;normal&quot;}}\"><div class=\"bt_bb_headline_superheadline_outside\"><span class=\"bt_bb_headline_superheadline\">Gestion de la cha\u00eene d'approvisionnement du textile et de l'habillement<\/span><\/div><h2 class=\"bt_bb_headline_tag\"><span class=\"bt_bb_headline_content\"><span><u>Regardez de plus pr\u00e8s nos services.<\/u><\/span><\/span><\/h2><\/header><div class=\"bt_bb_separator bt_bb_border_style_none bt_bb_bottom_spacing_medium\" data-bt-override-class=\"null\"><\/div><\/div><\/div><div  class=\"bt_bb_column col-xl-6 bt_bb_align_left bt_bb_vertical_align_top bt_bb_padding_normal\"  data-width=\"6\" data-bt-override-class=\"{}\"><div class=\"bt_bb_column_content\"><\/div><\/div><\/div><\/div><div class=\"bt_bb_row_wrapper\"><div  class=\"bt_bb_row\"  data-bt-override-class=\"{}\"><div  class=\"bt_bb_column col-xl-4 bt_bb_align_left bt_bb_vertical_align_top bt_bb_animation_fade_in animate bt_bb_padding_normal bt_bb_animation_fade_in animate\"  data-width=\"4\" data-bt-override-class=\"{}\"><div class=\"bt_bb_column_content\"><div  class=\"bt_bb_text\" ><p>Nous connaissons vos besoins en mati\u00e8re d&rsquo;approvisionnement mondial en fonction des pr\u00e9f\u00e9rences de votre pays en mati\u00e8re de style de vie et nous prenons des mesures pour vous permettre de r\u00e9ussir sur vos march\u00e9s et sur les march\u00e9s mondiaux.<br \/>\nQue vous soyez d\u00e9taillant ou grossiste, nous connaissons les besoins et les tendances de l&rsquo;industrie de la mode.<\/p>\n<p>Trouver des collections de la meilleure qualit\u00e9, v\u00e9rifier l&rsquo;ex\u00e9cution des commandes, l&rsquo;approvisionnement, la livraison et les questions douani\u00e8res constituent un d\u00e9fi constant pour les industries du textile et de l&rsquo;habillement.<br \/>\nEt si l&rsquo;ensemble de la cha\u00eene s&rsquo;\u00e9tend souvent sur plusieurs pays, c&rsquo;est aussi un d\u00e9fi crucial pour votre entreprise.<\/p>\n<p>Nous sommes exp\u00e9riment\u00e9s dans le traitement et la r\u00e9solution de tout type de demande pour nos clients du secteur textile, avec pr\u00e9cision, rapidit\u00e9 et rentabilit\u00e9.<br \/>\nProfitez de notre connaissance du march\u00e9 et de nos solutions en mati\u00e8re de cha\u00eene d&rsquo;approvisionnement.<\/p>\n<h4 class=\"sub-title\">Voir notre offre ;<\/h4>\n<p class=\"br-left\">Nous vous offrons des services sur place ; nous g\u00e9rons votre cha\u00eene d&rsquo;approvisionnement, m\u00eame dans les endroits les plus recul\u00e9s, afin de garantir qu&rsquo;elle arrive comme pr\u00e9vu et \u00e0 temps.<\/p>\n<\/div><div class=\"bt_bb_separator bt_bb_border_style_none bt_bb_bottom_spacing_small bt_bb_hidden_md bt_bb_hidden_lg\" data-bt-override-class=\"null\"><\/div><\/div><\/div><div  class=\"bt_bb_column col-xl-4 bt_bb_align_left bt_bb_vertical_align_top bt_bb_animation_fade_in animate bt_bb_padding_normal bt_bb_animation_fade_in animate\"  data-width=\"4\" data-bt-override-class=\"{}\"><div class=\"bt_bb_column_content\"><div  class=\"bt_bb_text\" ><div id=\"tabContent2\" class=\"tab-content section-sp2\">\n<div id=\"vision2\" class=\"tab-pane fade show active\">\n<div class=\"text-center mission-tab-bx text-black\">\n<div id=\"tabContent2\" class=\"tab-content section-sp2\">\n<div id=\"vision2\" class=\"tab-pane fade show active\">\n<div class=\"text-center mission-tab-bx text-black\">\n<div id=\"tabContent3\" class=\"tab-content section-sp2\">\n<div id=\"vision3\" class=\"tab-pane fade show active\">\n<div class=\"text-center mission-tab-bx text-black\">\n<h4 class=\"sub-title\">Nos services de cha\u00eene d&rsquo;approvisionnement :<\/h4>\n<p class=\"br-left\">&#8211; En identifiant et en qualifiant les fournisseurs, nous v\u00e9rifions leur localisation, leurs installations et leur flux de travail,<br \/>\n&#8211; Superviser la production de marchandises sur tous les sites de production des fournisseurs,<br \/>\n&#8211; Vous aider \u00e0 obtenir une assistance technique compl\u00e8te pour le d\u00e9veloppement des mat\u00e9riaux et des produits,<br \/>\n&#8211; Coordonner les approbations d&rsquo;\u00e9chantillons, les tests en laboratoire, les certifications et l&rsquo;approvisionnement en mati\u00e8res premi\u00e8res,<br \/>\n&#8211; L&rsquo;acheminement de vos marchandises vers nos entrep\u00f4ts et leur contr\u00f4le un par un,<br \/>\n&#8211; Emballer les marchandises pour qu&rsquo;elles soient pr\u00eates \u00e0 vous \u00eatre livr\u00e9es dans des conditions saines,<br \/>\n&#8211; Exploitation des exp\u00e9ditions et de tous les services douaniers par nos propres \u00e9quipes,<br \/>\n&#8211; Suivi de vos marchandises jusqu&rsquo;\u00e0 leur arriv\u00e9e dans votre entrep\u00f4t et leur mise en place dans vos magasins,<br \/>\n&#8211; Vous soutenir pour vos commandes r\u00e9p\u00e9t\u00e9es et vous envoyer les marchandises dont vous avez besoin en temps voulu,<br \/>\n&#8211; Suivre les tendances et vous fournir de nouvelles collections pour cr\u00e9er des produits gagnants qui se vendent vraiment, que vous vendiez dans votre propre magasin de d\u00e9tail, directement aux grossistes, directement aux consommateurs, en personne, sur votre site web ou sur une plateforme en ligne.<br \/>\n&#8211; Prendre des retours hebdomadaires de votre part sur votre flux de ventes. Avant que vos produits ne soient \u00e9puis\u00e9s dans vos magasins, nous livrons d\u00e9j\u00e0 les produits nouvellement arriv\u00e9s dans vos entrep\u00f4ts.<\/p>\n<p class=\"br-left\">Nous g\u00e9rons rigoureusement votre cha\u00eene d&rsquo;approvisionnement et vous fournissons un flux commercial durable.<\/p>\n<\/div>\n<\/div>\n<\/div>\n<\/div>\n<\/div>\n<\/div>\n<\/div>\n<\/div>\n<\/div>\n<\/div><div class=\"bt_bb_separator bt_bb_border_style_none bt_bb_top_spacing_small bt_bb_bottom_spacing_small\" data-bt-override-class=\"{&quot;bt_bb_top_spacing_&quot;:{&quot;current_class&quot;:&quot;bt_bb_top_spacing_small&quot;,&quot;xxl&quot;:&quot;small&quot;,&quot;xl&quot;:&quot;small&quot;},&quot;bt_bb_bottom_spacing_&quot;:{&quot;current_class&quot;:&quot;bt_bb_bottom_spacing_small&quot;,&quot;xxl&quot;:&quot;small&quot;,&quot;xl&quot;:&quot;small&quot;}}\"><\/div><\/div><\/div><div  class=\"bt_bb_column col-xl-4 bt_bb_align_left bt_bb_vertical_align_top bt_bb_animation_fade_in animate bt_bb_padding_normal bt_bb_animation_fade_in animate\"  data-width=\"4\" data-bt-override-class=\"{}\"><div class=\"bt_bb_column_content\"><div  class=\"bt_bb_text\" ><div id=\"tabContent4\" class=\"tab-content section-sp2\">\n<div id=\"vision4\" class=\"tab-pane fade show active\">\n<div class=\"text-center mission-tab-bx text-black\">\n<h4 class=\"sub-title\">Avez-vous besoin d&rsquo;un autre service que nous pourrions vous fournir ?<\/h4>\n<p class=\"br-left\">Chacun de nos clients a des besoins uniques en mati\u00e8re d&rsquo;approvisionnement.<br \/>\nNous adaptons nos services de sourcing \u00e0 vos besoins individuels.<\/p>\n<p>Profitez de notre large gamme de services et, avec notre aide et nos connaissances, laissez-nous vous fournir des services sur mesure pour vos propres processus et autres besoins.<\/p>\n<p>&nbsp;<\/p>\n<\/div>\n<h4><strong><u>CONTACTEZ-NOUS<\/u><\/strong><\/h4>\n<p><em>Veuillez remplir le formulaire et nous envoyer votre demande, laissez-nous faciliter vos affaires en tant que partenaire d&rsquo;approvisionnement.<\/em><\/p>\n<\/div>\n<\/div>\n<\/div><div class=\"bt_bb_button bt_bb_color_scheme_2 bt_bb_icon_position_left bt_bb_style_outline bt_bb_size_medium bt_bb_width_inline bt_bb_shape_inherit bt_bb_target_self bt_bb_align_inherit\" style=\"; --primary-color:#191919; --secondary-color:#ffffff;\" data-bt-override-class=\"{&quot;bt_bb_size_&quot;:{&quot;current_class&quot;:&quot;bt_bb_size_medium&quot;,&quot;xxl&quot;:&quot;medium&quot;,&quot;xl&quot;:&quot;medium&quot;},&quot;bt_bb_align_&quot;:{&quot;current_class&quot;:&quot;bt_bb_align_inherit&quot;,&quot;xxl&quot;:&quot;inherit&quot;,&quot;xl&quot;:&quot;inherit&quot;}}\"><a href=\"https:\/\/www.alfursanglobal.com\/fr\/contact\/\" target=\"_self\" class=\"bt_bb_link\" title=\"Contactons-nous maintenant\"><span class=\"bt_bb_button_text\" >Contactons-nous maintenant<\/span><span  data-ico-humanresources=\"&#xe91b;\" class=\"bt_bb_icon_holder\"><\/span><\/a><\/div><div class=\"bt_bb_separator bt_bb_border_style_none bt_bb_top_spacing_normal bt_bb_bottom_spacing_normal\" data-bt-override-class=\"{&quot;bt_bb_top_spacing_&quot;:{&quot;current_class&quot;:&quot;bt_bb_top_spacing_normal&quot;,&quot;xxl&quot;:&quot;normal&quot;,&quot;xl&quot;:&quot;normal&quot;},&quot;bt_bb_bottom_spacing_&quot;:{&quot;current_class&quot;:&quot;bt_bb_bottom_spacing_normal&quot;,&quot;xxl&quot;:&quot;normal&quot;,&quot;xl&quot;:&quot;normal&quot;}}\"><\/div><\/div><\/div><\/div><\/div><\/div><\/div><\/div><\/section><section id=\"bt_bb_section69e21c261346a\"  data-background_image_src=\"'https:\/\/www.alfursanglobal.com\/wp-content\/uploads\/2019\/04\/bgn-industries.png'\" class=\"bt_bb_section bt_bb_layout_boxed_1200 bt_bb_vertical_align_top btLazyLoadBackground bt_bb_background_image\" style=\"background-image:url(&#039;https:\/\/www.alfursanglobal.com\/wp-content\/plugins\/bold-page-builder\/img\/blank.gif&#039;);background-position:center;background-size:contain;\"><div class=\"bt_bb_port\"><div class=\"bt_bb_cell\"><div class=\"bt_bb_cell_inner\"><div class=\"bt_bb_row_wrapper\"><div  class=\"bt_bb_row\"  data-bt-override-class=\"{}\"><div  class=\"bt_bb_column col-xl-12 bt_bb_align_left bt_bb_vertical_align_top bt_bb_animation_fade_in zoom_out animate bt_bb_padding_normal bt_bb_animation_fade_in bt_bb_animation_zoom_out animate\"  data-width=\"12\" data-bt-override-class=\"{}\"><div class=\"bt_bb_column_content\"><div class=\"bt_bb_slider bt_bb_height_auto bt_bb_multiple_slides bt_bb_animation_slide animate bt_bb_arrows_size_large bt_bb_arrows_style_transparent_dark bt_bb_arrows_position_outside\"><div class=\"slick-slider\"  data-slick='{ \"lazyLoad\": \"progressive\", \"cssEase\": \"ease-out\", \"speed\": \"300\", \"adaptiveHeight\": true, \"prevArrow\": \"&lt;button type=\\\"button\\\" class=\\\"slick-prev\\\"&gt;\", \"nextArrow\": \"&lt;button type=\\\"button\\\" class=\\\"slick-next\\\"&gt;\",\"slidesToShow\": 6, \"autoplay\": true, \"autoplaySpeed\": 3000, \"responsive\": [{ \"breakpoint\": 480, \"settings\": { \"slidesToShow\": 1, \"slidesToScroll\": 1 } },{ \"breakpoint\": 768, \"settings\": { \"slidesToShow\": 2, \"slidesToScroll\": 2 } },{ \"breakpoint\": 920, \"settings\": { \"slidesToShow\": 3, \"slidesToScroll\": 3 } },{ \"breakpoint\": 1024, \"settings\": { \"slidesToShow\": 3, \"slidesToScroll\": 3 } }]}' ><div class=\"bt_bb_slider_item\" data-src-full=\"https:\/\/www.alfursanglobal.com\/wp-content\/uploads\/2022\/04\/next-1.jpeg\"><img src=\"https:\/\/www.alfursanglobal.com\/wp-content\/uploads\/2022\/04\/next-1.jpeg\" alt=\"next\"  title=\"next\"><\/div><div class=\"bt_bb_slider_item\" data-src-full=\"https:\/\/www.alfursanglobal.com\/wp-content\/uploads\/2022\/04\/river-1.jpeg\"><img src=\"https:\/\/www.alfursanglobal.com\/wp-content\/uploads\/2022\/04\/river-1.jpeg\" alt=\"river\"  title=\"river\"><\/div><div class=\"bt_bb_slider_item\" data-src-full=\"https:\/\/www.alfursanglobal.com\/wp-content\/uploads\/2022\/04\/ted-1.jpeg\"><img src=\"https:\/\/www.alfursanglobal.com\/wp-content\/uploads\/2022\/04\/ted-1.jpeg\" alt=\"ted\"  title=\"ted\"><\/div><div class=\"bt_bb_slider_item\" data-src-full=\"https:\/\/www.alfursanglobal.com\/wp-content\/uploads\/2022\/04\/joh-1.jpeg\"><img src=\"https:\/\/www.alfursanglobal.com\/wp-content\/uploads\/2022\/04\/joh-1.jpeg\" alt=\"joh\"  title=\"joh\"><\/div><div class=\"bt_bb_slider_item\" data-src-full=\"https:\/\/www.alfursanglobal.com\/wp-content\/uploads\/2022\/04\/deb-1.jpeg\"><img src=\"https:\/\/www.alfursanglobal.com\/wp-content\/uploads\/2022\/04\/deb-1.jpeg\" alt=\"deb\"  title=\"deb\"><\/div><div class=\"bt_bb_slider_item\" data-src-full=\"https:\/\/www.alfursanglobal.com\/wp-content\/uploads\/2022\/04\/long.jpeg\"><img src=\"https:\/\/www.alfursanglobal.com\/wp-content\/uploads\/2022\/04\/long.jpeg\" alt=\"long\"  title=\"long\"><\/div><div class=\"bt_bb_slider_item\" data-src-full=\"https:\/\/www.alfursanglobal.com\/wp-content\/uploads\/2022\/04\/cacharel-2.jpeg\"><img src=\"https:\/\/www.alfursanglobal.com\/wp-content\/uploads\/2022\/04\/cacharel-2.jpeg\" alt=\"cacharel\"  title=\"cacharel\"><\/div><div class=\"bt_bb_slider_item\" data-src-full=\"https:\/\/www.alfursanglobal.com\/wp-content\/uploads\/2022\/04\/pier-1.jpeg\"><img src=\"https:\/\/www.alfursanglobal.com\/wp-content\/uploads\/2022\/04\/pier-1.jpeg\" alt=\"pier\"  title=\"pier\"><\/div><div class=\"bt_bb_slider_item\" data-src-full=\"https:\/\/www.alfursanglobal.com\/wp-content\/uploads\/2022\/04\/usapolo-1.jpeg\"><img src=\"https:\/\/www.alfursanglobal.com\/wp-content\/uploads\/2022\/04\/usapolo-1.jpeg\" alt=\"usapolo\"  title=\"usapolo\"><\/div><div class=\"bt_bb_slider_item\" data-src-full=\"https:\/\/www.alfursanglobal.com\/wp-content\/uploads\/2023\/01\/MASSIMO.jpeg\"><img src=\"https:\/\/www.alfursanglobal.com\/wp-content\/uploads\/2023\/01\/MASSIMO.jpeg\" alt=\"MASSIMO\"  title=\"MASSIMO\"><\/div><div class=\"bt_bb_slider_item\" data-src-full=\"https:\/\/www.alfursanglobal.com\/wp-content\/uploads\/2023\/01\/COS.png\"><img src=\"https:\/\/www.alfursanglobal.com\/wp-content\/uploads\/2023\/01\/COS.png\" alt=\"COS\"  title=\"COS\"><\/div><div class=\"bt_bb_slider_item\" data-src-full=\"https:\/\/www.alfursanglobal.com\/wp-content\/uploads\/2023\/01\/DIESEL.png\"><img src=\"https:\/\/www.alfursanglobal.com\/wp-content\/uploads\/2023\/01\/DIESEL.png\" alt=\"DIESEL\"  title=\"DIESEL\"><\/div><div class=\"bt_bb_slider_item\" data-src-full=\"https:\/\/www.alfursanglobal.com\/wp-content\/uploads\/2023\/01\/GUESS.png\"><img src=\"https:\/\/www.alfursanglobal.com\/wp-content\/uploads\/2023\/01\/GUESS.png\" alt=\"GUESS\"  title=\"GUESS\"><\/div><div class=\"bt_bb_slider_item\" data-src-full=\"https:\/\/www.alfursanglobal.com\/wp-content\/uploads\/2023\/01\/MANUEL-BARCELO.jpeg\"><img src=\"https:\/\/www.alfursanglobal.com\/wp-content\/uploads\/2023\/01\/MANUEL-BARCELO.jpeg\" alt=\"MANUEL BARCELO\"  title=\"MANUEL BARCELO\"><\/div><div class=\"bt_bb_slider_item\" data-src-full=\"https:\/\/www.alfursanglobal.com\/wp-content\/uploads\/2023\/01\/HOGAN.jpeg\"><img src=\"https:\/\/www.alfursanglobal.com\/wp-content\/uploads\/2023\/01\/HOGAN.jpeg\" alt=\"HOGAN\"  title=\"HOGAN\"><\/div><div class=\"bt_bb_slider_item\" data-src-full=\"https:\/\/www.alfursanglobal.com\/wp-content\/uploads\/2023\/01\/ASICS.jpeg\"><img src=\"https:\/\/www.alfursanglobal.com\/wp-content\/uploads\/2023\/01\/ASICS.jpeg\" alt=\"ASICS\"  title=\"ASICS\"><\/div><div class=\"bt_bb_slider_item\" data-src-full=\"https:\/\/www.alfursanglobal.com\/wp-content\/uploads\/2023\/01\/P448.jpeg\"><img src=\"https:\/\/www.alfursanglobal.com\/wp-content\/uploads\/2023\/01\/P448.jpeg\" alt=\"P448\"  title=\"P448\"><\/div><div class=\"bt_bb_slider_item\" data-src-full=\"https:\/\/www.alfursanglobal.com\/wp-content\/uploads\/2023\/01\/DS-DAMAT.png\"><img src=\"https:\/\/www.alfursanglobal.com\/wp-content\/uploads\/2023\/01\/DS-DAMAT.png\" alt=\"DS DAMAT\"  title=\"DS DAMAT\"><\/div><div class=\"bt_bb_slider_item\" data-src-full=\"https:\/\/www.alfursanglobal.com\/wp-content\/uploads\/2023\/01\/QUE.png\"><img src=\"https:\/\/www.alfursanglobal.com\/wp-content\/uploads\/2023\/01\/QUE.png\" alt=\"QUE\"  title=\"QUE\"><\/div><div class=\"bt_bb_slider_item\" data-src-full=\"https:\/\/www.alfursanglobal.com\/wp-content\/uploads\/2023\/01\/DERIDEN.png\"><img src=\"https:\/\/www.alfursanglobal.com\/wp-content\/uploads\/2023\/01\/DERIDEN.png\" alt=\"DERIDEN\"  title=\"DERIDEN\"><\/div><div class=\"bt_bb_slider_item\" data-src-full=\"https:\/\/www.alfursanglobal.com\/wp-content\/uploads\/2023\/01\/DERIMOD.jpeg\"><img src=\"https:\/\/www.alfursanglobal.com\/wp-content\/uploads\/2023\/01\/DERIMOD.jpeg\" alt=\"DERIMOD\"  title=\"DERIMOD\"><\/div><div class=\"bt_bb_slider_item\" data-src-full=\"https:\/\/www.alfursanglobal.com\/wp-content\/uploads\/2023\/01\/DESA.png\"><img src=\"https:\/\/www.alfursanglobal.com\/wp-content\/uploads\/2023\/01\/DESA.png\" alt=\"DESA\"  title=\"DESA\"><\/div><div class=\"bt_bb_slider_item\" data-src-full=\"https:\/\/www.alfursanglobal.com\/wp-content\/uploads\/2023\/01\/DOCKERS.png\"><img src=\"https:\/\/www.alfursanglobal.com\/wp-content\/uploads\/2023\/01\/DOCKERS.png\" alt=\"DOCKERS\"  title=\"DOCKERS\"><\/div><div class=\"bt_bb_slider_item\" data-src-full=\"https:\/\/www.alfursanglobal.com\/wp-content\/uploads\/2023\/01\/BEYMEN.jpeg\"><img src=\"https:\/\/www.alfursanglobal.com\/wp-content\/uploads\/2023\/01\/BEYMEN.jpeg\" alt=\"BEYMEN\"  title=\"BEYMEN\"><\/div><div class=\"bt_bb_slider_item\" data-src-full=\"https:\/\/www.alfursanglobal.com\/wp-content\/uploads\/2023\/01\/VAKKO.png\"><img src=\"https:\/\/www.alfursanglobal.com\/wp-content\/uploads\/2023\/01\/VAKKO.png\" alt=\"VAKKO\"  title=\"VAKKO\"><\/div><div class=\"bt_bb_slider_item\" data-src-full=\"https:\/\/www.alfursanglobal.com\/wp-content\/uploads\/2023\/01\/NETWORK.png\"><img src=\"https:\/\/www.alfursanglobal.com\/wp-content\/uploads\/2023\/01\/NETWORK.png\" alt=\"NETWORK\"  title=\"NETWORK\"><\/div><div class=\"bt_bb_slider_item\" data-src-full=\"https:\/\/www.alfursanglobal.com\/wp-content\/uploads\/2023\/01\/FABRIKA.png\"><img src=\"https:\/\/www.alfursanglobal.com\/wp-content\/uploads\/2023\/01\/FABRIKA.png\" alt=\"FABRIKA\"  title=\"FABRIKA\"><\/div><div class=\"bt_bb_slider_item\" data-src-full=\"https:\/\/www.alfursanglobal.com\/wp-content\/uploads\/2023\/01\/IPEKYOL.jpg\"><img src=\"https:\/\/www.alfursanglobal.com\/wp-content\/uploads\/2023\/01\/IPEKYOL.jpg\" alt=\"IPEKYOL\"  title=\"IPEKYOL\"><\/div><div class=\"bt_bb_slider_item\" data-src-full=\"https:\/\/www.alfursanglobal.com\/wp-content\/uploads\/2023\/01\/TWIST.png\"><img src=\"https:\/\/www.alfursanglobal.com\/wp-content\/uploads\/2023\/01\/TWIST.png\" alt=\"TWIST\"  title=\"TWIST\"><\/div><div class=\"bt_bb_slider_item\" data-src-full=\"https:\/\/www.alfursanglobal.com\/wp-content\/uploads\/2023\/01\/MAVI.png\"><img src=\"https:\/\/www.alfursanglobal.com\/wp-content\/uploads\/2023\/01\/MAVI.png\" alt=\"MAVI\"  title=\"MAVI\"><\/div><div class=\"bt_bb_slider_item\" data-src-full=\"https:\/\/www.alfursanglobal.com\/wp-content\/uploads\/2023\/01\/LTB.png\"><img src=\"https:\/\/www.alfursanglobal.com\/wp-content\/uploads\/2023\/01\/LTB.png\" alt=\"LTB\"  title=\"LTB\"><\/div><\/div><\/div><\/div><\/div><\/div><\/div><\/div><\/div><\/div><\/section>","protected":false},"excerpt":{"rendered":"<p>Cr\u00e9er une synergie compl\u00e8te entre les relations qui taxent les ressources via des march\u00e9s de niche de premier ordre. Cultivez professionnellement le service client en face \u00e0 face avec des id\u00e9es solides. Innovez de mani\u00e8re dynamique le service client\u00e8le en mati\u00e8re de ressources pour un service client\u00e8le de pointe.<\/p>\n","protected":false},"author":1,"featured_media":3317,"parent":0,"menu_order":0,"comment_status":"closed","ping_status":"closed","template":"","meta":[],"yst_prominent_words":[],"_links":{"self":[{"href":"https:\/\/www.alfursanglobal.com\/fr\/wp-json\/wp\/v2\/pages\/5512"}],"collection":[{"href":"https:\/\/www.alfursanglobal.com\/fr\/wp-json\/wp\/v2\/pages"}],"about":[{"href":"https:\/\/www.alfursanglobal.com\/fr\/wp-json\/wp\/v2\/types\/page"}],"author":[{"embeddable":true,"href":"https:\/\/www.alfursanglobal.com\/fr\/wp-json\/wp\/v2\/users\/1"}],"replies":[{"embeddable":true,"href":"https:\/\/www.alfursanglobal.com\/fr\/wp-json\/wp\/v2\/comments?post=5512"}],"version-history":[{"count":7,"href":"https:\/\/www.alfursanglobal.com\/fr\/wp-json\/wp\/v2\/pages\/5512\/revisions"}],"predecessor-version":[{"id":5519,"href":"https:\/\/www.alfursanglobal.com\/fr\/wp-json\/wp\/v2\/pages\/5512\/revisions\/5519"}],"wp:featuredmedia":[{"embeddable":true,"href":"https:\/\/www.alfursanglobal.com\/fr\/wp-json\/wp\/v2\/media\/3317"}],"wp:attachment":[{"href":"https:\/\/www.alfursanglobal.com\/fr\/wp-json\/wp\/v2\/media?parent=5512"}],"wp:term":[{"taxonomy":"yst_prominent_words","embeddable":true,"href":"https:\/\/www.alfursanglobal.com\/fr\/wp-json\/wp\/v2\/yst_prominent_words?post=5512"}],"curies":[{"name":"wp","href":"https:\/\/api.w.org\/{rel}","templated":true}]}}