{"id":5561,"date":"2022-02-11T20:18:43","date_gmt":"2022-02-11T17:18:43","guid":{"rendered":"https:\/\/www.alfursanglobal.com\/habillement-textile\/"},"modified":"2023-01-19T18:43:47","modified_gmt":"2023-01-19T15:43:47","slug":"habillement-textile","status":"publish","type":"page","link":"https:\/\/www.alfursanglobal.com\/fr\/habillement-textile\/","title":{"rendered":"Habillement textile"},"content":{"rendered":"<section id=\"bt_bb_section69e21ceda1017\"  data-background_image_src=\"'https:\/\/www.alfursanglobal.com\/wp-content\/uploads\/2019\/04\/bgn-cases-3.png'\" class=\"bt_bb_section bt_bb_bottom_spacing_small bt_bb_layout_boxed_1200 bt_bb_vertical_align_top btLazyLoadBackground bt_bb_background_image\" style=\"background-image:url(&#039;https:\/\/www.alfursanglobal.com\/wp-content\/plugins\/bold-page-builder\/img\/blank.gif&#039;);background-position:center;background-size:cover;\"><div class=\"bt_bb_port\"><div class=\"bt_bb_cell\"><div class=\"bt_bb_cell_inner\"><div class=\"bt_bb_row_wrapper\"><div  class=\"bt_bb_row\"  data-bt-override-class=\"{}\"><div  class=\"bt_bb_column col-xl-12 col-xs-12 col-sm-12 col-md-12 col-lg-12 bt_bb_align_left bt_bb_vertical_align_top bt_bb_animation_fade_in move_up animate bt_bb_padding_normal bt_bb_animation_fade_in bt_bb_animation_move_up animate\"  data-width=\"12\" data-bt-override-class=\"{}\"><div class=\"bt_bb_column_content\"><div class=\"bt_bb_image bt_bb_shape_square bt_bb_target_self bt_bb_align_inherit bt_bb_hover_style_simple bt_bb_content_display_always bt_bb_content_align_middle bt_bb_fill_background_color_full\" data-bt-override-class=\"{&quot;bt_bb_align_&quot;:{&quot;current_class&quot;:&quot;bt_bb_align_inherit&quot;,&quot;xxl&quot;:&quot;inherit&quot;,&quot;xl&quot;:&quot;inherit&quot;}}\"><span><img width=\"1200\" height=\"479\" src=\"https:\/\/www.alfursanglobal.com\/wp-content\/uploads\/2022\/05\/PRODUCTS_Textile-and-Apparel-1536x1074-1.jpg\" class=\"attachment-full size-full\" alt=\"https:\/\/www.alfursanglobal.com\/wp-content\/uploads\/2022\/05\/PRODUCTS_Textile-and-Apparel-1536x1074-1.jpg\" decoding=\"async\" loading=\"lazy\" data-full_image_src=\"https:\/\/www.alfursanglobal.com\/wp-content\/uploads\/2022\/05\/PRODUCTS_Textile-and-Apparel-1536x1074-1.jpg\" srcset=\"https:\/\/www.alfursanglobal.com\/wp-content\/uploads\/2022\/05\/PRODUCTS_Textile-and-Apparel-1536x1074-1.jpg 1200w, https:\/\/www.alfursanglobal.com\/wp-content\/uploads\/2022\/05\/PRODUCTS_Textile-and-Apparel-1536x1074-1-640x255.jpg 640w, https:\/\/www.alfursanglobal.com\/wp-content\/uploads\/2022\/05\/PRODUCTS_Textile-and-Apparel-1536x1074-1-768x307.jpg 768w, https:\/\/www.alfursanglobal.com\/wp-content\/uploads\/2022\/05\/PRODUCTS_Textile-and-Apparel-1536x1074-1-320x128.jpg 320w\" sizes=\"(max-width: 1200px) 100vw, 1200px\" \/><\/span><\/div><\/div><\/div><\/div><\/div><\/div><\/div><\/div><\/section><section id=\"bt_bb_section69e21ceda1807\"  data-background_image_src=\"'https:\/\/www.alfursanglobal.com\/wp-content\/uploads\/2019\/04\/bgn-cases-3.png'\" class=\"bt_bb_section bt_bb_layout_boxed_1200 bt_bb_vertical_align_top btLazyLoadBackground bt_bb_background_image\" style=\"background-image:url(&#039;https:\/\/www.alfursanglobal.com\/wp-content\/plugins\/bold-page-builder\/img\/blank.gif&#039;);background-position:center;background-size:cover;\"><div class=\"bt_bb_port\"><div class=\"bt_bb_cell\"><div class=\"bt_bb_cell_inner\"><div class=\"bt_bb_row_wrapper\"><div  class=\"bt_bb_row\"  data-bt-override-class=\"{}\"><div  class=\"bt_bb_column col-xl-6 bt_bb_align_left bt_bb_vertical_align_top bt_bb_animation_fade_in move_up animate bt_bb_padding_normal bt_bb_animation_fade_in bt_bb_animation_move_up animate\"  data-width=\"6\" data-bt-override-class=\"{}\"><div class=\"bt_bb_column_content\"><header class=\"bt_bb_headline bt_bb_dash_top bt_bb_superheadline bt_bb_superheadline_outside bt_bb_size_normal bt_bb_align_inherit\" data-bt-override-class=\"{&quot;bt_bb_size_&quot;:{&quot;current_class&quot;:&quot;bt_bb_size_normal&quot;,&quot;xxl&quot;:&quot;normal&quot;,&quot;xl&quot;:&quot;normal&quot;}}\"><div class=\"bt_bb_headline_superheadline_outside\"><span class=\"bt_bb_headline_superheadline\">Habillement textile<\/span><\/div><h2 class=\"bt_bb_headline_tag\"><span class=\"bt_bb_headline_content\"><span><u>Regardez de plus pr\u00e8s nos services.<\/u><\/span><\/span><\/h2><\/header><div class=\"bt_bb_separator bt_bb_border_style_none bt_bb_bottom_spacing_medium\" data-bt-override-class=\"null\"><\/div><\/div><\/div><div  class=\"bt_bb_column col-xl-6 bt_bb_align_left bt_bb_vertical_align_top bt_bb_padding_normal\"  data-width=\"6\" data-bt-override-class=\"{}\"><div class=\"bt_bb_column_content\"><\/div><\/div><\/div><\/div><div class=\"bt_bb_row_wrapper\"><div  class=\"bt_bb_row\"  data-bt-override-class=\"{}\"><div  class=\"bt_bb_column col-xl-4 bt_bb_align_left bt_bb_vertical_align_top bt_bb_animation_fade_in animate bt_bb_padding_normal bt_bb_animation_fade_in animate\"  data-width=\"4\" data-bt-override-class=\"{}\"><div class=\"bt_bb_column_content\"><div  class=\"bt_bb_text\" ><p>Nous sommes grossistes, distributeurs et exportateurs de marques sp\u00e9cifiques de textile et d&rsquo;habillement. Nous sommes \u00e9galement un fournisseur de services de production de marques priv\u00e9es qui se sp\u00e9cialise dans la production et l&rsquo;exportation de produits textiles et d&rsquo;habillement de haute qualit\u00e9 vers les march\u00e9s mondiaux, avec une gamme compl\u00e8te de produits et de services de cha\u00eene d&rsquo;approvisionnement.<\/p>\n<p>Nous sommes fiers de la qualit\u00e9 du textile Made in Turkey. Et nous pensons qu&rsquo;en raison de la qualit\u00e9, aucun pays n&rsquo;a \u00e9merg\u00e9 pour devenir la \u00ab\u00a0prochaine Turquie\u00a0\u00bb. La Turquie a int\u00e9gr\u00e9 et diversifi\u00e9 sa production dans tous les sous-secteurs de l&rsquo;industrie textile en produisant et en exportant tous les types de fils, de tissus, de v\u00eatements, de textiles domestiques, de nombreux produits textiles pr\u00eats \u00e0 l&#8217;emploi et de textiles techniques.<\/p>\n<p>L&rsquo;industrie turque du textile et de l&rsquo;habillement joue un r\u00f4le important dans le commerce mondial. Elle est capable de r\u00e9pondre \u00e0 des normes \u00e9lev\u00e9es et peut \u00eatre comp\u00e9titive sur les march\u00e9s internationaux en termes de qualit\u00e9 \u00e9lev\u00e9e et de large gamme de produits. Les fabricants turcs de v\u00eatements et de textiles de maison sont assez forts en termes de production et de distribution, tant sur le march\u00e9 int\u00e9rieur que sur les march\u00e9s d&rsquo;exportation.<\/p>\n<p>La Turquie est l&rsquo;un des plus grands pays producteurs de textile et d&rsquo;habillement au monde. Elle est le 6e fournisseur mondial, le 3e fournisseur de l&rsquo;UE et l&rsquo;un des quatre plus grands fabricants de textile domestique au monde.<\/p>\n<div id=\"tabContent2\" class=\"tab-content section-sp2\">\n<div id=\"vision2\" class=\"tab-pane fade show active\">\n<div class=\"text-center mission-tab-bx text-black\">\n<div id=\"tabContent2\" class=\"tab-content section-sp2\"><\/div>\n<\/div>\n<\/div>\n<\/div>\n<\/div><div class=\"bt_bb_separator bt_bb_border_style_none bt_bb_bottom_spacing_small bt_bb_hidden_md bt_bb_hidden_lg\" data-bt-override-class=\"null\"><\/div><\/div><\/div><div  class=\"bt_bb_column col-xl-4 bt_bb_align_left bt_bb_vertical_align_top bt_bb_animation_fade_in animate bt_bb_padding_normal bt_bb_animation_fade_in animate\"  data-width=\"4\" data-bt-override-class=\"{}\"><div class=\"bt_bb_column_content\"><div  class=\"bt_bb_text\" ><div id=\"tabContent2\" class=\"tab-content section-sp2\">\n<div id=\"vision2\" class=\"tab-pane fade show active\">\n<div class=\"text-center mission-tab-bx text-black\">\n<div id=\"tabContent2\" class=\"tab-content section-sp2\">\n<div id=\"vision2\" class=\"tab-pane fade show active\">\n<div id=\"tabContent4\" class=\"tab-content section-sp2\">\n<div id=\"vision4\" class=\"tab-pane fade show active\">\n<div class=\"text-center mission-tab-bx text-black\">\n<p><strong>Certains des produits que nous exportons sont \u00e9num\u00e9r\u00e9s ci-dessous :<\/strong><\/p>\n<p class=\"br-left\">&#8211; V\u00eatements pour femmes, hommes et enfants<br \/>\n&#8211; V\u00eatements d&rsquo;ext\u00e9rieur, sous-v\u00eatements<br \/>\n&#8211; Robes de cocktail pour femmes<br \/>\n&#8211; Robes de mari\u00e9e<br \/>\n&#8211; Costumes pour hommes<br \/>\n&#8211; Costumes de mari\u00e9<br \/>\n&#8211; V\u00eatements en cuir<br \/>\n&#8211; V\u00eatements en fourrure<br \/>\n&#8211; V\u00eatements de mode hijabi<br \/>\n&#8211; V\u00eatements pour hommes et femmes de grande taille<br \/>\n&#8211; V\u00eatements de grossesse<br \/>\n&#8211; Chaussures<br \/>\n&#8211; Ceintures<br \/>\n&#8211; Sacs<br \/>\n&#8211; Accessoires textiles<br \/>\n&#8211; Costumes de travailleur<br \/>\n&#8211; Chaussures de travail<br \/>\n&#8211; Home Textile<br \/>\n&#8211; Et plus encore sur demande<\/p>\n<\/div>\n<\/div>\n<\/div>\n<\/div>\n<\/div>\n<\/div>\n<\/div>\n<\/div>\n<\/div><div class=\"bt_bb_separator bt_bb_border_style_none bt_bb_top_spacing_small bt_bb_bottom_spacing_small\" data-bt-override-class=\"{&quot;bt_bb_top_spacing_&quot;:{&quot;current_class&quot;:&quot;bt_bb_top_spacing_small&quot;,&quot;xxl&quot;:&quot;small&quot;,&quot;xl&quot;:&quot;small&quot;},&quot;bt_bb_bottom_spacing_&quot;:{&quot;current_class&quot;:&quot;bt_bb_bottom_spacing_small&quot;,&quot;xxl&quot;:&quot;small&quot;,&quot;xl&quot;:&quot;small&quot;}}\"><\/div><\/div><\/div><div  class=\"bt_bb_column col-xl-4 bt_bb_align_left bt_bb_vertical_align_top bt_bb_animation_fade_in animate bt_bb_padding_normal bt_bb_animation_fade_in animate\"  data-width=\"4\" data-bt-override-class=\"{}\"><div class=\"bt_bb_column_content\"><div  class=\"bt_bb_text\" ><div id=\"tabContent2\" class=\"tab-content section-sp2\">\n<div id=\"vision2\" class=\"tab-pane fade show active\">\n<div class=\"text-center mission-tab-bx text-black\">\n<div id=\"tabContent2\" class=\"tab-content section-sp2\">\n<div id=\"vision2\" class=\"tab-pane fade show active\">\n<div id=\"tabContent4\" class=\"tab-content section-sp2\">\n<div id=\"vision4\" class=\"tab-pane fade show active\">\n<div class=\"text-center mission-tab-bx text-black\">\n<p><strong>Quel produit textile devez-vous importer ?<br \/>\n<\/strong>Chacun de nos clients a des besoins uniques en mati\u00e8re d&rsquo;approvisionnement.<br \/>\nNous adaptons nos services \u00e0 vos besoins individuels.<\/p>\n<p>Ensemble, nous avons une grande exp\u00e9rience du textile et de la fabrication. Voulez-vous apprendre de premi\u00e8re main les ingr\u00e9dients n\u00e9cessaires pour que votre entreprise se d\u00e9marque ? Nous souhaitons vous faire profiter de notre exp\u00e9rience pour vous aider et renforcer votre entreprise.<\/p>\n<p>Profitez de notre large gamme de produits et de services, avec notre aide et nos connaissances, laissez-nous vous fournir des services sur mesure pour vos propres processus et autres besoins.<\/p>\n<p>Nous serions ravis de vous entendre ! Parlez-nous quand vous voulez !<\/p>\n<\/div>\n<\/div>\n<\/div>\n<\/div>\n<\/div>\n<\/div>\n<\/div>\n<\/div>\n<\/div><div  class=\"bt_bb_text\" ><p>&nbsp;<\/p>\n<div id=\"tabContent2\" class=\"tab-content section-sp2\">\n<div id=\"vision2\" class=\"tab-pane fade show active\">\n<div class=\"text-center mission-tab-bx text-black\">\n<div id=\"tabContent2\" class=\"tab-content section-sp2\">\n<div id=\"vision2\" class=\"tab-pane fade show active\">\n<div id=\"tabContent4\" class=\"tab-content section-sp2\">\n<div id=\"vision4\" class=\"tab-pane fade show active\">\n<div class=\"text-center mission-tab-bx text-black\">\n<h4><strong><u>CONTACTEZ-NOUS<\/u><\/strong><\/h4>\n<p><em>Veuillez remplir le formulaire et nous envoyer votre demande, laissez-nous faciliter vos affaires en tant que partenaire d&rsquo;approvisionnement.<\/em><\/p>\n<\/div>\n<\/div>\n<\/div>\n<\/div>\n<\/div>\n<\/div>\n<\/div>\n<\/div>\n<\/div><div class=\"bt_bb_button bt_bb_color_scheme_2 bt_bb_icon_position_left bt_bb_style_outline bt_bb_size_medium bt_bb_width_inline bt_bb_shape_inherit bt_bb_target_self bt_bb_align_inherit\" style=\"; --primary-color:#191919; --secondary-color:#ffffff;\" data-bt-override-class=\"{&quot;bt_bb_size_&quot;:{&quot;current_class&quot;:&quot;bt_bb_size_medium&quot;,&quot;xxl&quot;:&quot;medium&quot;,&quot;xl&quot;:&quot;medium&quot;},&quot;bt_bb_align_&quot;:{&quot;current_class&quot;:&quot;bt_bb_align_inherit&quot;,&quot;xxl&quot;:&quot;inherit&quot;,&quot;xl&quot;:&quot;inherit&quot;}}\"><a href=\"https:\/\/www.alfursanglobal.com\/fr\/contact\/\" target=\"_self\" class=\"bt_bb_link\" title=\"Contactons-nous maintenant\"><span class=\"bt_bb_button_text\" >Contactons-nous maintenant<\/span><span  data-ico-humanresources=\"&#xe91b;\" class=\"bt_bb_icon_holder\"><\/span><\/a><\/div><div class=\"bt_bb_separator bt_bb_border_style_none bt_bb_top_spacing_normal bt_bb_bottom_spacing_normal\" data-bt-override-class=\"{&quot;bt_bb_top_spacing_&quot;:{&quot;current_class&quot;:&quot;bt_bb_top_spacing_normal&quot;,&quot;xxl&quot;:&quot;normal&quot;,&quot;xl&quot;:&quot;normal&quot;},&quot;bt_bb_bottom_spacing_&quot;:{&quot;current_class&quot;:&quot;bt_bb_bottom_spacing_normal&quot;,&quot;xxl&quot;:&quot;normal&quot;,&quot;xl&quot;:&quot;normal&quot;}}\"><\/div><\/div><\/div><\/div><\/div><\/div><\/div><\/div><\/section>","protected":false},"excerpt":{"rendered":"<p>Cr\u00e9er une synergie compl\u00e8te entre les relations qui taxent les ressources via des march\u00e9s de niche de premier ordre. Cultivez professionnellement le service client en face \u00e0 face avec des id\u00e9es solides. Innovez de mani\u00e8re dynamique le service client\u00e8le en mati\u00e8re de ressources pour un service client\u00e8le de pointe.<\/p>\n","protected":false},"author":1,"featured_media":3317,"parent":0,"menu_order":0,"comment_status":"closed","ping_status":"closed","template":"","meta":[],"yst_prominent_words":[],"_links":{"self":[{"href":"https:\/\/www.alfursanglobal.com\/fr\/wp-json\/wp\/v2\/pages\/5561"}],"collection":[{"href":"https:\/\/www.alfursanglobal.com\/fr\/wp-json\/wp\/v2\/pages"}],"about":[{"href":"https:\/\/www.alfursanglobal.com\/fr\/wp-json\/wp\/v2\/types\/page"}],"author":[{"embeddable":true,"href":"https:\/\/www.alfursanglobal.com\/fr\/wp-json\/wp\/v2\/users\/1"}],"replies":[{"embeddable":true,"href":"https:\/\/www.alfursanglobal.com\/fr\/wp-json\/wp\/v2\/comments?post=5561"}],"version-history":[{"count":7,"href":"https:\/\/www.alfursanglobal.com\/fr\/wp-json\/wp\/v2\/pages\/5561\/revisions"}],"predecessor-version":[{"id":5568,"href":"https:\/\/www.alfursanglobal.com\/fr\/wp-json\/wp\/v2\/pages\/5561\/revisions\/5568"}],"wp:featuredmedia":[{"embeddable":true,"href":"https:\/\/www.alfursanglobal.com\/fr\/wp-json\/wp\/v2\/media\/3317"}],"wp:attachment":[{"href":"https:\/\/www.alfursanglobal.com\/fr\/wp-json\/wp\/v2\/media?parent=5561"}],"wp:term":[{"taxonomy":"yst_prominent_words","embeddable":true,"href":"https:\/\/www.alfursanglobal.com\/fr\/wp-json\/wp\/v2\/yst_prominent_words?post=5561"}],"curies":[{"name":"wp","href":"https:\/\/api.w.org\/{rel}","templated":true}]}}